{"id":78,"date":"2018-07-11T16:33:13","date_gmt":"2018-07-11T14:33:13","guid":{"rendered":"http:\/\/hotelbristol.sk\/?page_id=78"},"modified":"2023-11-29T14:52:12","modified_gmt":"2023-11-29T13:52:12","slug":"junior-suite","status":"publish","type":"page","link":"https:\/\/hotelbristol.sk\/en\/accommodation\/junior-suite\/","title":{"rendered":"Junior Suite"},"content":{"rendered":"<p>For more demanding, we are offering accommodation in Junior suites with an area of 35 m2 and open space bedroom and living room with a work area. Not only CEO of the company but also families with children will find Junior Suite the perfect choice.<\/p>\n<p>Room facilities:<\/p>\n<ul>\n<li>Luxurious double bed (SAFFRON BEDS brand) from natural materials for two persons \u2013 180 cm * 200 cm<\/li>\n<li>Work desk with chair<\/li>\n<li>Open space with day and night part \u2013 living room part with large comfy sofa and bedroom part.<\/li>\n<li>LED TV s remote control and premium English and German TV channels<\/li>\n<li>HI-speed internet<\/li>\n<li>Minibar<\/li>\n<li>In-room Security safe<\/li>\n<li>Bathroom with bath<\/li>\n<li>Hairdryer and luxurious toiletries \u2013 L\u2019Occitane<\/li>\n<li>Bathrobe and slippers<\/li>\n<li>Everyday cleaning<\/li>\n<li>Telephone and Alarm clock<\/li>\n<li>Kettle with accessories, tea and coffee<\/li>\n<li>Iron and Ironing board on request<\/li>\n<li>Baby cot (for free) and extra bed (surcharge may apply) on request<\/li>\n<\/ul>\n<p><a href=\u201d#book\u201d onclick=\u201dBooking.Open({RoomID:160440}); return false;\u201d title=\"Rezerv\u00e1cia\" class=\"link-w-icon reservation-link my-reservation-link\"><i class=\"far fa-calendar-alt\"><\/i> Reservation<\/a><\/p>\n","protected":false},"excerpt":{"rendered":"<p>For more demanding, we are offering accommodation in Junior suites with an area of 35 m2 and open space bedroom and living room with a work area. Not only CEO of the company but also families with children will find Junior Suite the perfect choice. Room facilities: Luxurious double bed (SAFFRON BEDS brand) from natural<a class=\"excerpt-read-more\" href=\"https:\/\/hotelbristol.sk\/en\/accommodation\/junior-suite\/\" title=\"ViacJunior Suite\">&#8230; Zobrazi\u0165 viac &raquo;<\/a><\/p>\n","protected":false},"author":1,"featured_media":2128,"parent":85,"menu_order":0,"comment_status":"closed","ping_status":"closed","template":"template-full-width.php","meta":{"_acf_changed":false,"footnotes":""},"class_list":["post-78","page","type-page","status-publish","has-post-thumbnail","hentry"],"acf":[],"yoast_head":"<!-- This site is optimized with the Yoast SEO plugin v27.5 - https:\/\/yoast.com\/product\/yoast-seo-wordpress\/ -->\n<title>Junior Suite - Boutique Hotel Bristol**** Ko\u0161ice - Hotel, ubytovanie Ko\u0161ice<\/title>\n<meta name=\"description\" content=\"Hotel Bristol**** - Luxusn\u00e9 ubytovanie v centre Ko\u0161\u00edc - hotel pon\u00faka ubytovanie vysok\u00e9ho \u0161tandardu v centre mesta Ko\u0161ice. S\u00fa\u010das\u0165ou hotela je re\u0161taur\u00e1cia, kaviare\u0148, kongresov\u00e9 centrum vhodn\u00e9 aj pre usporiadanie osl\u00e1v a wellness. Hotel Bristol**** Ko\u0161ice - hotel, ubytovanie, wellness Ko\u0161ice.\" \/>\n<meta name=\"robots\" content=\"index, follow, max-snippet:-1, max-image-preview:large, max-video-preview:-1\" \/>\n<link rel=\"canonical\" href=\"https:\/\/hotelbristol.sk\/ubytovanie\/junior-apartman\/\" \/>\n<meta property=\"og:locale\" content=\"en_US\" \/>\n<meta property=\"og:type\" content=\"article\" \/>\n<meta property=\"og:title\" content=\"Junior Suite - Boutique Hotel Bristol**** Ko\u0161ice - Hotel, ubytovanie Ko\u0161ice\" \/>\n<meta property=\"og:description\" content=\"Hotel Bristol**** - Luxusn\u00e9 ubytovanie v centre Ko\u0161\u00edc - hotel pon\u00faka ubytovanie vysok\u00e9ho \u0161tandardu v centre mesta Ko\u0161ice. S\u00fa\u010das\u0165ou hotela je re\u0161taur\u00e1cia, kaviare\u0148, kongresov\u00e9 centrum vhodn\u00e9 aj pre usporiadanie osl\u00e1v a wellness. Hotel Bristol**** Ko\u0161ice - hotel, ubytovanie, wellness Ko\u0161ice.\" \/>\n<meta property=\"og:url\" content=\"https:\/\/hotelbristol.sk\/ubytovanie\/junior-apartman\/\" \/>\n<meta property=\"og:site_name\" content=\"Boutique Hotel Bristol**** Ko\u0161ice\" \/>\n<meta property=\"article:publisher\" content=\"https:\/\/www.facebook.com\/hotel.bristol.kosice\/\" \/>\n<meta property=\"article:modified_time\" content=\"2023-11-29T13:52:12+00:00\" \/>\n<meta property=\"og:image\" content=\"https:\/\/hotelbristol.sk\/wp-content\/uploads\/2021\/06\/ja2.jpg\" \/>\n\t<meta property=\"og:image:width\" content=\"2000\" \/>\n\t<meta property=\"og:image:height\" content=\"750\" \/>\n\t<meta property=\"og:image:type\" content=\"image\/jpeg\" \/>\n<meta name=\"twitter:card\" content=\"summary_large_image\" \/>\n<meta name=\"twitter:site\" content=\"@bristolslovakia\" \/>\n<meta name=\"twitter:label1\" content=\"Est. reading time\" \/>\n\t<meta name=\"twitter:data1\" content=\"1 minute\" \/>\n<script type=\"application\/ld+json\" class=\"yoast-schema-graph\">{\"@context\":\"https:\\\/\\\/schema.org\",\"@graph\":[{\"@type\":\"WebPage\",\"@id\":\"https:\\\/\\\/hotelbristol.sk\\\/ubytovanie\\\/junior-apartman\\\/\",\"url\":\"https:\\\/\\\/hotelbristol.sk\\\/ubytovanie\\\/junior-apartman\\\/\",\"name\":\"Junior Suite - Boutique Hotel Bristol**** Ko\u0161ice - Hotel, ubytovanie Ko\u0161ice\",\"isPartOf\":{\"@id\":\"https:\\\/\\\/hotelbristol.sk\\\/#website\"},\"primaryImageOfPage\":{\"@id\":\"https:\\\/\\\/hotelbristol.sk\\\/ubytovanie\\\/junior-apartman\\\/#primaryimage\"},\"image\":{\"@id\":\"https:\\\/\\\/hotelbristol.sk\\\/ubytovanie\\\/junior-apartman\\\/#primaryimage\"},\"thumbnailUrl\":\"https:\\\/\\\/hotelbristol.sk\\\/wp-content\\\/uploads\\\/2021\\\/06\\\/ja2.jpg\",\"datePublished\":\"2018-07-11T14:33:13+00:00\",\"dateModified\":\"2023-11-29T13:52:12+00:00\",\"description\":\"Hotel Bristol**** - Luxusn\u00e9 ubytovanie v centre Ko\u0161\u00edc - hotel pon\u00faka ubytovanie vysok\u00e9ho \u0161tandardu v centre mesta Ko\u0161ice. S\u00fa\u010das\u0165ou hotela je re\u0161taur\u00e1cia, kaviare\u0148, kongresov\u00e9 centrum vhodn\u00e9 aj pre usporiadanie osl\u00e1v a wellness. Hotel Bristol**** Ko\u0161ice - hotel, ubytovanie, wellness Ko\u0161ice.\",\"breadcrumb\":{\"@id\":\"https:\\\/\\\/hotelbristol.sk\\\/ubytovanie\\\/junior-apartman\\\/#breadcrumb\"},\"inLanguage\":\"en-US\",\"potentialAction\":[{\"@type\":\"ReadAction\",\"target\":[\"https:\\\/\\\/hotelbristol.sk\\\/ubytovanie\\\/junior-apartman\\\/\"]}]},{\"@type\":\"ImageObject\",\"inLanguage\":\"en-US\",\"@id\":\"https:\\\/\\\/hotelbristol.sk\\\/ubytovanie\\\/junior-apartman\\\/#primaryimage\",\"url\":\"https:\\\/\\\/hotelbristol.sk\\\/wp-content\\\/uploads\\\/2021\\\/06\\\/ja2.jpg\",\"contentUrl\":\"https:\\\/\\\/hotelbristol.sk\\\/wp-content\\\/uploads\\\/2021\\\/06\\\/ja2.jpg\",\"width\":2000,\"height\":750},{\"@type\":\"BreadcrumbList\",\"@id\":\"https:\\\/\\\/hotelbristol.sk\\\/ubytovanie\\\/junior-apartman\\\/#breadcrumb\",\"itemListElement\":[{\"@type\":\"ListItem\",\"position\":1,\"name\":\"Home\",\"item\":\"https:\\\/\\\/hotelbristol.sk\\\/en\\\/\"},{\"@type\":\"ListItem\",\"position\":2,\"name\":\"Accommodation\",\"item\":\"https:\\\/\\\/hotelbristol.sk\\\/ubytovanie\\\/\"},{\"@type\":\"ListItem\",\"position\":3,\"name\":\"Junior Suite\"}]},{\"@type\":\"WebSite\",\"@id\":\"https:\\\/\\\/hotelbristol.sk\\\/#website\",\"url\":\"https:\\\/\\\/hotelbristol.sk\\\/\",\"name\":\"Boutique Hotel Bristol**** Ko\u0161ice\",\"description\":\"Luxusn\u00e9 ubytovanie v centre historick\u00fdch Ko\u0161\u00edc - hotel - wellness - spa - kongres - re\u0161taur\u00e1cia - kaviare\u0148\",\"publisher\":{\"@id\":\"https:\\\/\\\/hotelbristol.sk\\\/#organization\"},\"potentialAction\":[{\"@type\":\"SearchAction\",\"target\":{\"@type\":\"EntryPoint\",\"urlTemplate\":\"https:\\\/\\\/hotelbristol.sk\\\/?s={search_term_string}\"},\"query-input\":{\"@type\":\"PropertyValueSpecification\",\"valueRequired\":true,\"valueName\":\"search_term_string\"}}],\"inLanguage\":\"en-US\"},{\"@type\":\"Organization\",\"@id\":\"https:\\\/\\\/hotelbristol.sk\\\/#organization\",\"name\":\"Hotel Bristol**** Ko\u0161ice - Ubytovanie Ko\u0161ice\",\"url\":\"https:\\\/\\\/hotelbristol.sk\\\/\",\"logo\":{\"@type\":\"ImageObject\",\"inLanguage\":\"en-US\",\"@id\":\"https:\\\/\\\/hotelbristol.sk\\\/#\\\/schema\\\/logo\\\/image\\\/\",\"url\":\"https:\\\/\\\/hotelbristol.sk\\\/wp-content\\\/uploads\\\/2018\\\/12\\\/logo_bristol.jpg\",\"contentUrl\":\"https:\\\/\\\/hotelbristol.sk\\\/wp-content\\\/uploads\\\/2018\\\/12\\\/logo_bristol.jpg\",\"width\":1024,\"height\":768,\"caption\":\"Hotel Bristol**** Ko\u0161ice - Ubytovanie Ko\u0161ice\"},\"image\":{\"@id\":\"https:\\\/\\\/hotelbristol.sk\\\/#\\\/schema\\\/logo\\\/image\\\/\"},\"sameAs\":[\"https:\\\/\\\/www.facebook.com\\\/hotel.bristol.kosice\\\/\",\"https:\\\/\\\/x.com\\\/bristolslovakia\",\"http:\\\/\\\/hotelbristolkosice.sk\"]}]}<\/script>\n<!-- \/ Yoast SEO plugin. -->","yoast_head_json":{"title":"Junior Suite - Boutique Hotel Bristol**** Ko\u0161ice - Hotel, ubytovanie Ko\u0161ice","description":"Hotel Bristol**** - Luxusn\u00e9 ubytovanie v centre Ko\u0161\u00edc - hotel pon\u00faka ubytovanie vysok\u00e9ho \u0161tandardu v centre mesta Ko\u0161ice. S\u00fa\u010das\u0165ou hotela je re\u0161taur\u00e1cia, kaviare\u0148, kongresov\u00e9 centrum vhodn\u00e9 aj pre usporiadanie osl\u00e1v a wellness. Hotel Bristol**** Ko\u0161ice - hotel, ubytovanie, wellness Ko\u0161ice.","robots":{"index":"index","follow":"follow","max-snippet":"max-snippet:-1","max-image-preview":"max-image-preview:large","max-video-preview":"max-video-preview:-1"},"canonical":"https:\/\/hotelbristol.sk\/ubytovanie\/junior-apartman\/","og_locale":"en_US","og_type":"article","og_title":"Junior Suite - Boutique Hotel Bristol**** Ko\u0161ice - Hotel, ubytovanie Ko\u0161ice","og_description":"Hotel Bristol**** - Luxusn\u00e9 ubytovanie v centre Ko\u0161\u00edc - hotel pon\u00faka ubytovanie vysok\u00e9ho \u0161tandardu v centre mesta Ko\u0161ice. S\u00fa\u010das\u0165ou hotela je re\u0161taur\u00e1cia, kaviare\u0148, kongresov\u00e9 centrum vhodn\u00e9 aj pre usporiadanie osl\u00e1v a wellness. Hotel Bristol**** Ko\u0161ice - hotel, ubytovanie, wellness Ko\u0161ice.","og_url":"https:\/\/hotelbristol.sk\/ubytovanie\/junior-apartman\/","og_site_name":"Boutique Hotel Bristol**** Ko\u0161ice","article_publisher":"https:\/\/www.facebook.com\/hotel.bristol.kosice\/","article_modified_time":"2023-11-29T13:52:12+00:00","og_image":[{"width":2000,"height":750,"url":"https:\/\/hotelbristol.sk\/wp-content\/uploads\/2021\/06\/ja2.jpg","type":"image\/jpeg"}],"twitter_card":"summary_large_image","twitter_site":"@bristolslovakia","twitter_misc":{"Est. reading time":"1 minute"},"schema":{"@context":"https:\/\/schema.org","@graph":[{"@type":"WebPage","@id":"https:\/\/hotelbristol.sk\/ubytovanie\/junior-apartman\/","url":"https:\/\/hotelbristol.sk\/ubytovanie\/junior-apartman\/","name":"Junior Suite - Boutique Hotel Bristol**** Ko\u0161ice - Hotel, ubytovanie Ko\u0161ice","isPartOf":{"@id":"https:\/\/hotelbristol.sk\/#website"},"primaryImageOfPage":{"@id":"https:\/\/hotelbristol.sk\/ubytovanie\/junior-apartman\/#primaryimage"},"image":{"@id":"https:\/\/hotelbristol.sk\/ubytovanie\/junior-apartman\/#primaryimage"},"thumbnailUrl":"https:\/\/hotelbristol.sk\/wp-content\/uploads\/2021\/06\/ja2.jpg","datePublished":"2018-07-11T14:33:13+00:00","dateModified":"2023-11-29T13:52:12+00:00","description":"Hotel Bristol**** - Luxusn\u00e9 ubytovanie v centre Ko\u0161\u00edc - hotel pon\u00faka ubytovanie vysok\u00e9ho \u0161tandardu v centre mesta Ko\u0161ice. S\u00fa\u010das\u0165ou hotela je re\u0161taur\u00e1cia, kaviare\u0148, kongresov\u00e9 centrum vhodn\u00e9 aj pre usporiadanie osl\u00e1v a wellness. Hotel Bristol**** Ko\u0161ice - hotel, ubytovanie, wellness Ko\u0161ice.","breadcrumb":{"@id":"https:\/\/hotelbristol.sk\/ubytovanie\/junior-apartman\/#breadcrumb"},"inLanguage":"en-US","potentialAction":[{"@type":"ReadAction","target":["https:\/\/hotelbristol.sk\/ubytovanie\/junior-apartman\/"]}]},{"@type":"ImageObject","inLanguage":"en-US","@id":"https:\/\/hotelbristol.sk\/ubytovanie\/junior-apartman\/#primaryimage","url":"https:\/\/hotelbristol.sk\/wp-content\/uploads\/2021\/06\/ja2.jpg","contentUrl":"https:\/\/hotelbristol.sk\/wp-content\/uploads\/2021\/06\/ja2.jpg","width":2000,"height":750},{"@type":"BreadcrumbList","@id":"https:\/\/hotelbristol.sk\/ubytovanie\/junior-apartman\/#breadcrumb","itemListElement":[{"@type":"ListItem","position":1,"name":"Home","item":"https:\/\/hotelbristol.sk\/en\/"},{"@type":"ListItem","position":2,"name":"Accommodation","item":"https:\/\/hotelbristol.sk\/ubytovanie\/"},{"@type":"ListItem","position":3,"name":"Junior Suite"}]},{"@type":"WebSite","@id":"https:\/\/hotelbristol.sk\/#website","url":"https:\/\/hotelbristol.sk\/","name":"Boutique Hotel Bristol**** Ko\u0161ice","description":"Luxusn\u00e9 ubytovanie v centre historick\u00fdch Ko\u0161\u00edc - hotel - wellness - spa - kongres - re\u0161taur\u00e1cia - kaviare\u0148","publisher":{"@id":"https:\/\/hotelbristol.sk\/#organization"},"potentialAction":[{"@type":"SearchAction","target":{"@type":"EntryPoint","urlTemplate":"https:\/\/hotelbristol.sk\/?s={search_term_string}"},"query-input":{"@type":"PropertyValueSpecification","valueRequired":true,"valueName":"search_term_string"}}],"inLanguage":"en-US"},{"@type":"Organization","@id":"https:\/\/hotelbristol.sk\/#organization","name":"Hotel Bristol**** Ko\u0161ice - Ubytovanie Ko\u0161ice","url":"https:\/\/hotelbristol.sk\/","logo":{"@type":"ImageObject","inLanguage":"en-US","@id":"https:\/\/hotelbristol.sk\/#\/schema\/logo\/image\/","url":"https:\/\/hotelbristol.sk\/wp-content\/uploads\/2018\/12\/logo_bristol.jpg","contentUrl":"https:\/\/hotelbristol.sk\/wp-content\/uploads\/2018\/12\/logo_bristol.jpg","width":1024,"height":768,"caption":"Hotel Bristol**** Ko\u0161ice - Ubytovanie Ko\u0161ice"},"image":{"@id":"https:\/\/hotelbristol.sk\/#\/schema\/logo\/image\/"},"sameAs":["https:\/\/www.facebook.com\/hotel.bristol.kosice\/","https:\/\/x.com\/bristolslovakia","http:\/\/hotelbristolkosice.sk"]}]}},"_links":{"self":[{"href":"https:\/\/hotelbristol.sk\/en\/wp-json\/wp\/v2\/pages\/78","targetHints":{"allow":["GET"]}}],"collection":[{"href":"https:\/\/hotelbristol.sk\/en\/wp-json\/wp\/v2\/pages"}],"about":[{"href":"https:\/\/hotelbristol.sk\/en\/wp-json\/wp\/v2\/types\/page"}],"author":[{"embeddable":true,"href":"https:\/\/hotelbristol.sk\/en\/wp-json\/wp\/v2\/users\/1"}],"replies":[{"embeddable":true,"href":"https:\/\/hotelbristol.sk\/en\/wp-json\/wp\/v2\/comments?post=78"}],"version-history":[{"count":5,"href":"https:\/\/hotelbristol.sk\/en\/wp-json\/wp\/v2\/pages\/78\/revisions"}],"predecessor-version":[{"id":2413,"href":"https:\/\/hotelbristol.sk\/en\/wp-json\/wp\/v2\/pages\/78\/revisions\/2413"}],"up":[{"embeddable":true,"href":"https:\/\/hotelbristol.sk\/en\/wp-json\/wp\/v2\/pages\/85"}],"wp:featuredmedia":[{"embeddable":true,"href":"https:\/\/hotelbristol.sk\/en\/wp-json\/wp\/v2\/media\/2128"}],"wp:attachment":[{"href":"https:\/\/hotelbristol.sk\/en\/wp-json\/wp\/v2\/media?parent=78"}],"curies":[{"name":"wp","href":"https:\/\/api.w.org\/{rel}","templated":true}]}}