{"id":51,"date":"2018-07-11T16:10:58","date_gmt":"2018-07-11T14:10:58","guid":{"rendered":"http:\/\/hotelbristol.sk\/?page_id=51"},"modified":"2024-11-20T11:50:51","modified_gmt":"2024-11-20T10:50:51","slug":"conferences","status":"publish","type":"page","link":"https:\/\/hotelbristol.sk\/en\/congress\/conferences\/","title":{"rendered":"Conferences"},"content":{"rendered":"<h2>Equipment<\/h2>\n<h3>Technical equipment and services<\/h3>\n<div>\n<ul>\n<li>rental of audiovisual equipment<\/li>\n<li>computer, copier, fax<\/li>\n<li>Data projector and Screen<\/li>\n<li>2 x Flipchart, 10 sheets of paper, markers<\/li>\n<li>Highspeed Internet (complimentary)<\/li>\n<li>We will provide assistance in the organization of your event<\/li>\n<li>daylight<\/li>\n<li>modern technical facilities<\/li>\n<li>catering<\/li>\n<li>parking (on request)<\/li>\n<\/ul>\n<h2>Coffee breaks<\/h2>\n<div>\n<h3>Coffee Break Standard<\/h3>\n<p><strong>Beverages<\/strong><\/p>\n<ul>\n<li>coffee and tea selection<\/li>\n<li>various fruit juices<\/li>\n<li>mineral water<\/li>\n<\/ul>\n<p><strong>Refreshments<\/strong><\/p>\n<ul>\n<li>selection of sweet and savory pastries<\/li>\n<li>fresh seasonal fruit<\/li>\n<\/ul>\n<p>\u20ac 15,00 \/ person<\/p>\n<\/div>\n<div>\n<h3>Coffee Break Energy<\/h3>\n<p><strong>Beverages<\/strong><\/p>\n<ul>\n<li>coffee and tea selection<\/li>\n<li>various fruit juices<\/li>\n<li>mineral water<\/li>\n<\/ul>\n<p><strong>Refreshments<\/strong><\/p>\n<ul>\n<li>selection of sweet and savory pastries<\/li>\n<li>selection garnished baguettes<\/li>\n<li>\u00a0with fresh lettuce, ham<\/li>\n<li>fresh seasonal fruit<\/li>\n<\/ul>\n<p>\u20ac 20,00 \/ person<\/p>\n<\/div>\n<div>\n<h3>Coffee Break Slovakia<\/h3>\n<p><strong>Beverages<\/strong><\/p>\n<ul>\n<li>coffee and tea selection<\/li>\n<li>various fruit juices<\/li>\n<li>mineral water<\/li>\n<\/ul>\n<p><strong>Refreshments<\/strong><\/p>\n<ul>\n<li>Slovak sweet and savory pastries<\/li>\n<li>choice of ham<\/li>\n<li>and cheese sandwiches<\/li>\n<li>fresh seasonal fruit<\/li>\n<\/ul>\n<p>\u20ac 19,00 \/ person<\/p>\n<\/div>\n<\/div>\n<div><\/div>\n","protected":false},"excerpt":{"rendered":"<p>Equipment Technical equipment and services rental of audiovisual equipment computer, copier, fax Data projector and Screen 2 x Flipchart, 10 sheets of paper, markers Highspeed Internet (complimentary) We will provide assistance in the organization of your event daylight modern technical facilities catering parking (on request) Coffee breaks Coffee Break Standard Beverages coffee and tea selection<a class=\"excerpt-read-more\" href=\"https:\/\/hotelbristol.sk\/en\/congress\/conferences\/\" title=\"ViacConferences\">&#8230; Zobrazi\u0165 viac &raquo;<\/a><\/p>\n","protected":false},"author":1,"featured_media":278,"parent":417,"menu_order":0,"comment_status":"closed","ping_status":"closed","template":"template-full-width.php","meta":{"_acf_changed":false,"footnotes":""},"class_list":["post-51","page","type-page","status-publish","has-post-thumbnail","hentry"],"acf":[],"yoast_head":"<!-- This site is optimized with the Yoast SEO plugin v27.5 - https:\/\/yoast.com\/product\/yoast-seo-wordpress\/ -->\n<title>Conferences - Boutique Hotel Bristol**** Ko\u0161ice - Hotel, ubytovanie Ko\u0161ice<\/title>\n<meta name=\"description\" content=\"Hotel Bristol**** - Luxusn\u00e9 ubytovanie v centre Ko\u0161\u00edc - hotel pon\u00faka ubytovanie vysok\u00e9ho \u0161tandardu v centre mesta Ko\u0161ice. S\u00fa\u010das\u0165ou hotela je re\u0161taur\u00e1cia, kaviare\u0148, kongresov\u00e9 centrum vhodn\u00e9 aj pre usporiadanie osl\u00e1v a wellness. Hotel Bristol**** Ko\u0161ice - hotel, ubytovanie, wellness Ko\u0161ice.\" \/>\n<meta name=\"robots\" content=\"index, follow, max-snippet:-1, max-image-preview:large, max-video-preview:-1\" \/>\n<link rel=\"canonical\" href=\"https:\/\/hotelbristol.sk\/en\/congress\/conferences\/\" \/>\n<meta property=\"og:locale\" content=\"en_US\" \/>\n<meta property=\"og:type\" content=\"article\" \/>\n<meta property=\"og:title\" content=\"Conferences - Boutique Hotel Bristol**** Ko\u0161ice - Hotel, ubytovanie Ko\u0161ice\" \/>\n<meta property=\"og:description\" content=\"Hotel Bristol**** - Luxusn\u00e9 ubytovanie v centre Ko\u0161\u00edc - hotel pon\u00faka ubytovanie vysok\u00e9ho \u0161tandardu v centre mesta Ko\u0161ice. S\u00fa\u010das\u0165ou hotela je re\u0161taur\u00e1cia, kaviare\u0148, kongresov\u00e9 centrum vhodn\u00e9 aj pre usporiadanie osl\u00e1v a wellness. Hotel Bristol**** Ko\u0161ice - hotel, ubytovanie, wellness Ko\u0161ice.\" \/>\n<meta property=\"og:url\" content=\"https:\/\/hotelbristol.sk\/en\/congress\/conferences\/\" \/>\n<meta property=\"og:site_name\" content=\"Boutique Hotel Bristol**** Ko\u0161ice\" \/>\n<meta property=\"article:publisher\" content=\"https:\/\/www.facebook.com\/hotel.bristol.kosice\/\" \/>\n<meta property=\"article:modified_time\" content=\"2024-11-20T10:50:51+00:00\" \/>\n<meta property=\"og:image\" content=\"https:\/\/hotelbristol.sk\/wp-content\/uploads\/2018\/08\/konferencie.jpg\" \/>\n\t<meta property=\"og:image:width\" content=\"1024\" \/>\n\t<meta property=\"og:image:height\" content=\"768\" \/>\n\t<meta property=\"og:image:type\" content=\"image\/jpeg\" \/>\n<meta name=\"twitter:card\" content=\"summary_large_image\" \/>\n<meta name=\"twitter:site\" content=\"@bristolslovakia\" \/>\n<meta name=\"twitter:label1\" content=\"Est. reading time\" \/>\n\t<meta name=\"twitter:data1\" content=\"1 minute\" \/>\n<script type=\"application\/ld+json\" class=\"yoast-schema-graph\">{\"@context\":\"https:\\\/\\\/schema.org\",\"@graph\":[{\"@type\":\"WebPage\",\"@id\":\"https:\\\/\\\/hotelbristol.sk\\\/en\\\/congress\\\/conferences\\\/\",\"url\":\"https:\\\/\\\/hotelbristol.sk\\\/en\\\/congress\\\/conferences\\\/\",\"name\":\"Conferences - Boutique Hotel Bristol**** Ko\u0161ice - Hotel, ubytovanie Ko\u0161ice\",\"isPartOf\":{\"@id\":\"https:\\\/\\\/hotelbristol.sk\\\/#website\"},\"primaryImageOfPage\":{\"@id\":\"https:\\\/\\\/hotelbristol.sk\\\/en\\\/congress\\\/conferences\\\/#primaryimage\"},\"image\":{\"@id\":\"https:\\\/\\\/hotelbristol.sk\\\/en\\\/congress\\\/conferences\\\/#primaryimage\"},\"thumbnailUrl\":\"https:\\\/\\\/hotelbristol.sk\\\/wp-content\\\/uploads\\\/2018\\\/08\\\/konferencie.jpg\",\"datePublished\":\"2018-07-11T14:10:58+00:00\",\"dateModified\":\"2024-11-20T10:50:51+00:00\",\"description\":\"Hotel Bristol**** - Luxusn\u00e9 ubytovanie v centre Ko\u0161\u00edc - hotel pon\u00faka ubytovanie vysok\u00e9ho \u0161tandardu v centre mesta Ko\u0161ice. S\u00fa\u010das\u0165ou hotela je re\u0161taur\u00e1cia, kaviare\u0148, kongresov\u00e9 centrum vhodn\u00e9 aj pre usporiadanie osl\u00e1v a wellness. Hotel Bristol**** Ko\u0161ice - hotel, ubytovanie, wellness Ko\u0161ice.\",\"breadcrumb\":{\"@id\":\"https:\\\/\\\/hotelbristol.sk\\\/en\\\/congress\\\/conferences\\\/#breadcrumb\"},\"inLanguage\":\"en-US\",\"potentialAction\":[{\"@type\":\"ReadAction\",\"target\":[\"https:\\\/\\\/hotelbristol.sk\\\/en\\\/congress\\\/conferences\\\/\"]}]},{\"@type\":\"ImageObject\",\"inLanguage\":\"en-US\",\"@id\":\"https:\\\/\\\/hotelbristol.sk\\\/en\\\/congress\\\/conferences\\\/#primaryimage\",\"url\":\"https:\\\/\\\/hotelbristol.sk\\\/wp-content\\\/uploads\\\/2018\\\/08\\\/konferencie.jpg\",\"contentUrl\":\"https:\\\/\\\/hotelbristol.sk\\\/wp-content\\\/uploads\\\/2018\\\/08\\\/konferencie.jpg\",\"width\":1024,\"height\":768},{\"@type\":\"BreadcrumbList\",\"@id\":\"https:\\\/\\\/hotelbristol.sk\\\/en\\\/congress\\\/conferences\\\/#breadcrumb\",\"itemListElement\":[{\"@type\":\"ListItem\",\"position\":1,\"name\":\"Home\",\"item\":\"https:\\\/\\\/hotelbristol.sk\\\/en\\\/\"},{\"@type\":\"ListItem\",\"position\":2,\"name\":\"Congress\",\"item\":\"https:\\\/\\\/hotelbristol.sk\\\/kongres\\\/\"},{\"@type\":\"ListItem\",\"position\":3,\"name\":\"Conferences\"}]},{\"@type\":\"WebSite\",\"@id\":\"https:\\\/\\\/hotelbristol.sk\\\/#website\",\"url\":\"https:\\\/\\\/hotelbristol.sk\\\/\",\"name\":\"Boutique Hotel Bristol**** Ko\u0161ice\",\"description\":\"Luxusn\u00e9 ubytovanie v centre historick\u00fdch Ko\u0161\u00edc - hotel - wellness - spa - kongres - re\u0161taur\u00e1cia - kaviare\u0148\",\"publisher\":{\"@id\":\"https:\\\/\\\/hotelbristol.sk\\\/#organization\"},\"potentialAction\":[{\"@type\":\"SearchAction\",\"target\":{\"@type\":\"EntryPoint\",\"urlTemplate\":\"https:\\\/\\\/hotelbristol.sk\\\/?s={search_term_string}\"},\"query-input\":{\"@type\":\"PropertyValueSpecification\",\"valueRequired\":true,\"valueName\":\"search_term_string\"}}],\"inLanguage\":\"en-US\"},{\"@type\":\"Organization\",\"@id\":\"https:\\\/\\\/hotelbristol.sk\\\/#organization\",\"name\":\"Hotel Bristol**** Ko\u0161ice - Ubytovanie Ko\u0161ice\",\"url\":\"https:\\\/\\\/hotelbristol.sk\\\/\",\"logo\":{\"@type\":\"ImageObject\",\"inLanguage\":\"en-US\",\"@id\":\"https:\\\/\\\/hotelbristol.sk\\\/#\\\/schema\\\/logo\\\/image\\\/\",\"url\":\"https:\\\/\\\/hotelbristol.sk\\\/wp-content\\\/uploads\\\/2018\\\/12\\\/logo_bristol.jpg\",\"contentUrl\":\"https:\\\/\\\/hotelbristol.sk\\\/wp-content\\\/uploads\\\/2018\\\/12\\\/logo_bristol.jpg\",\"width\":1024,\"height\":768,\"caption\":\"Hotel Bristol**** Ko\u0161ice - Ubytovanie Ko\u0161ice\"},\"image\":{\"@id\":\"https:\\\/\\\/hotelbristol.sk\\\/#\\\/schema\\\/logo\\\/image\\\/\"},\"sameAs\":[\"https:\\\/\\\/www.facebook.com\\\/hotel.bristol.kosice\\\/\",\"https:\\\/\\\/x.com\\\/bristolslovakia\",\"http:\\\/\\\/hotelbristolkosice.sk\"]}]}<\/script>\n<!-- \/ Yoast SEO plugin. -->","yoast_head_json":{"title":"Conferences - Boutique Hotel Bristol**** Ko\u0161ice - Hotel, ubytovanie Ko\u0161ice","description":"Hotel Bristol**** - Luxusn\u00e9 ubytovanie v centre Ko\u0161\u00edc - hotel pon\u00faka ubytovanie vysok\u00e9ho \u0161tandardu v centre mesta Ko\u0161ice. S\u00fa\u010das\u0165ou hotela je re\u0161taur\u00e1cia, kaviare\u0148, kongresov\u00e9 centrum vhodn\u00e9 aj pre usporiadanie osl\u00e1v a wellness. Hotel Bristol**** Ko\u0161ice - hotel, ubytovanie, wellness Ko\u0161ice.","robots":{"index":"index","follow":"follow","max-snippet":"max-snippet:-1","max-image-preview":"max-image-preview:large","max-video-preview":"max-video-preview:-1"},"canonical":"https:\/\/hotelbristol.sk\/en\/congress\/conferences\/","og_locale":"en_US","og_type":"article","og_title":"Conferences - Boutique Hotel Bristol**** Ko\u0161ice - Hotel, ubytovanie Ko\u0161ice","og_description":"Hotel Bristol**** - Luxusn\u00e9 ubytovanie v centre Ko\u0161\u00edc - hotel pon\u00faka ubytovanie vysok\u00e9ho \u0161tandardu v centre mesta Ko\u0161ice. S\u00fa\u010das\u0165ou hotela je re\u0161taur\u00e1cia, kaviare\u0148, kongresov\u00e9 centrum vhodn\u00e9 aj pre usporiadanie osl\u00e1v a wellness. Hotel Bristol**** Ko\u0161ice - hotel, ubytovanie, wellness Ko\u0161ice.","og_url":"https:\/\/hotelbristol.sk\/en\/congress\/conferences\/","og_site_name":"Boutique Hotel Bristol**** Ko\u0161ice","article_publisher":"https:\/\/www.facebook.com\/hotel.bristol.kosice\/","article_modified_time":"2024-11-20T10:50:51+00:00","og_image":[{"width":1024,"height":768,"url":"https:\/\/hotelbristol.sk\/wp-content\/uploads\/2018\/08\/konferencie.jpg","type":"image\/jpeg"}],"twitter_card":"summary_large_image","twitter_site":"@bristolslovakia","twitter_misc":{"Est. reading time":"1 minute"},"schema":{"@context":"https:\/\/schema.org","@graph":[{"@type":"WebPage","@id":"https:\/\/hotelbristol.sk\/en\/congress\/conferences\/","url":"https:\/\/hotelbristol.sk\/en\/congress\/conferences\/","name":"Conferences - Boutique Hotel Bristol**** Ko\u0161ice - Hotel, ubytovanie Ko\u0161ice","isPartOf":{"@id":"https:\/\/hotelbristol.sk\/#website"},"primaryImageOfPage":{"@id":"https:\/\/hotelbristol.sk\/en\/congress\/conferences\/#primaryimage"},"image":{"@id":"https:\/\/hotelbristol.sk\/en\/congress\/conferences\/#primaryimage"},"thumbnailUrl":"https:\/\/hotelbristol.sk\/wp-content\/uploads\/2018\/08\/konferencie.jpg","datePublished":"2018-07-11T14:10:58+00:00","dateModified":"2024-11-20T10:50:51+00:00","description":"Hotel Bristol**** - Luxusn\u00e9 ubytovanie v centre Ko\u0161\u00edc - hotel pon\u00faka ubytovanie vysok\u00e9ho \u0161tandardu v centre mesta Ko\u0161ice. S\u00fa\u010das\u0165ou hotela je re\u0161taur\u00e1cia, kaviare\u0148, kongresov\u00e9 centrum vhodn\u00e9 aj pre usporiadanie osl\u00e1v a wellness. Hotel Bristol**** Ko\u0161ice - hotel, ubytovanie, wellness Ko\u0161ice.","breadcrumb":{"@id":"https:\/\/hotelbristol.sk\/en\/congress\/conferences\/#breadcrumb"},"inLanguage":"en-US","potentialAction":[{"@type":"ReadAction","target":["https:\/\/hotelbristol.sk\/en\/congress\/conferences\/"]}]},{"@type":"ImageObject","inLanguage":"en-US","@id":"https:\/\/hotelbristol.sk\/en\/congress\/conferences\/#primaryimage","url":"https:\/\/hotelbristol.sk\/wp-content\/uploads\/2018\/08\/konferencie.jpg","contentUrl":"https:\/\/hotelbristol.sk\/wp-content\/uploads\/2018\/08\/konferencie.jpg","width":1024,"height":768},{"@type":"BreadcrumbList","@id":"https:\/\/hotelbristol.sk\/en\/congress\/conferences\/#breadcrumb","itemListElement":[{"@type":"ListItem","position":1,"name":"Home","item":"https:\/\/hotelbristol.sk\/en\/"},{"@type":"ListItem","position":2,"name":"Congress","item":"https:\/\/hotelbristol.sk\/kongres\/"},{"@type":"ListItem","position":3,"name":"Conferences"}]},{"@type":"WebSite","@id":"https:\/\/hotelbristol.sk\/#website","url":"https:\/\/hotelbristol.sk\/","name":"Boutique Hotel Bristol**** Ko\u0161ice","description":"Luxusn\u00e9 ubytovanie v centre historick\u00fdch Ko\u0161\u00edc - hotel - wellness - spa - kongres - re\u0161taur\u00e1cia - kaviare\u0148","publisher":{"@id":"https:\/\/hotelbristol.sk\/#organization"},"potentialAction":[{"@type":"SearchAction","target":{"@type":"EntryPoint","urlTemplate":"https:\/\/hotelbristol.sk\/?s={search_term_string}"},"query-input":{"@type":"PropertyValueSpecification","valueRequired":true,"valueName":"search_term_string"}}],"inLanguage":"en-US"},{"@type":"Organization","@id":"https:\/\/hotelbristol.sk\/#organization","name":"Hotel Bristol**** Ko\u0161ice - Ubytovanie Ko\u0161ice","url":"https:\/\/hotelbristol.sk\/","logo":{"@type":"ImageObject","inLanguage":"en-US","@id":"https:\/\/hotelbristol.sk\/#\/schema\/logo\/image\/","url":"https:\/\/hotelbristol.sk\/wp-content\/uploads\/2018\/12\/logo_bristol.jpg","contentUrl":"https:\/\/hotelbristol.sk\/wp-content\/uploads\/2018\/12\/logo_bristol.jpg","width":1024,"height":768,"caption":"Hotel Bristol**** Ko\u0161ice - Ubytovanie Ko\u0161ice"},"image":{"@id":"https:\/\/hotelbristol.sk\/#\/schema\/logo\/image\/"},"sameAs":["https:\/\/www.facebook.com\/hotel.bristol.kosice\/","https:\/\/x.com\/bristolslovakia","http:\/\/hotelbristolkosice.sk"]}]}},"_links":{"self":[{"href":"https:\/\/hotelbristol.sk\/en\/wp-json\/wp\/v2\/pages\/51","targetHints":{"allow":["GET"]}}],"collection":[{"href":"https:\/\/hotelbristol.sk\/en\/wp-json\/wp\/v2\/pages"}],"about":[{"href":"https:\/\/hotelbristol.sk\/en\/wp-json\/wp\/v2\/types\/page"}],"author":[{"embeddable":true,"href":"https:\/\/hotelbristol.sk\/en\/wp-json\/wp\/v2\/users\/1"}],"replies":[{"embeddable":true,"href":"https:\/\/hotelbristol.sk\/en\/wp-json\/wp\/v2\/comments?post=51"}],"version-history":[{"count":4,"href":"https:\/\/hotelbristol.sk\/en\/wp-json\/wp\/v2\/pages\/51\/revisions"}],"predecessor-version":[{"id":2478,"href":"https:\/\/hotelbristol.sk\/en\/wp-json\/wp\/v2\/pages\/51\/revisions\/2478"}],"up":[{"embeddable":true,"href":"https:\/\/hotelbristol.sk\/en\/wp-json\/wp\/v2\/pages\/417"}],"wp:featuredmedia":[{"embeddable":true,"href":"https:\/\/hotelbristol.sk\/en\/wp-json\/wp\/v2\/media\/278"}],"wp:attachment":[{"href":"https:\/\/hotelbristol.sk\/en\/wp-json\/wp\/v2\/media?parent=51"}],"curies":[{"name":"wp","href":"https:\/\/api.w.org\/{rel}","templated":true}]}}