{"id":302,"date":"2018-08-21T15:42:14","date_gmt":"2018-08-21T13:42:14","guid":{"rendered":"http:\/\/hotelbristol.sk\/?page_id=302"},"modified":"2026-04-02T15:09:34","modified_gmt":"2026-04-02T13:09:34","slug":"attractions","status":"publish","type":"page","link":"https:\/\/hotelbristol.sk\/en\/wellness\/attractions\/","title":{"rendered":"Attractions"},"content":{"rendered":"<p><!--\n\n\n<div class=\"oznam\">\n<strong>We would like to inform you, in the days from 8.2. to 11.2. Lobby bar and Spa will be closed for technical reasons.<\/strong><\/div>\n\n\n--><\/p>\n<p>We invite you to the Wellness, perfect for cleansing the body and spirit. Indulge and enjoy the beneficial effects of steam bath, Finnish sauna, whirlpool baths and relaxation pool.<\/p>\n<div>\n<h2>Finnish sauna<\/h2>\n<ul>\n<li>relaxes muscles<\/li>\n<li>helps to increase sweating of the body and the body gets rid of toxins<\/li>\n<li>boosts the immune system weakened mainly by diseases<\/li>\n<li>Air Temperature: 80 \u2013 110 \u00b0C<\/li>\n<li>Humidity: 10 \u2013 30 %<\/li>\n<li>Recommended length of stay in the sauna: 5-20 minutes and then cooling of<\/li>\n<li>Recommended No. of repetitions: at least 2 times in a row<\/li>\n<\/ul>\n<h2>Steam bath<\/h2>\n<ul>\n<li>purifies skin and respiratory exposure by perfume (eucalyptus, pine and tropical fruit)<\/li>\n<li>removes waste products and promotes skin elasticity<\/li>\n<li>allows the body to get rid of 30% of the accumulated toxins<\/li>\n<li>Air Temperature: 45 \u2013 55 \u00b0C<\/li>\n<li>Humidity: 80 \u2013 100%<\/li>\n<li>Recommended length of stay in the steam bath: 15 minutes and then cooling, relaxation<\/li>\n<li>Recommended No. of repetitions: 2-3 times in a row<\/li>\n<\/ul>\n<h2>Hammam<\/h2>\n<ul>\n<li>relaxes and releases the tension in muscles and joints<\/li>\n<li>relieves pain in joints, regulates digestion and accelerates metabolism<\/li>\n<li>removes waste products, contributes to the correct function of the lymphatic system, kidney and intestine<\/li>\n<li>Air Temperature: 45- 48 \u00b0C<\/li>\n<li>Recommended length of stay in the sauna: 20-30 minutes<\/li>\n<\/ul>\n<\/div>\n<div>\n<h2>Vital Bar<\/h2>\n<ul>\n<li>offers a wide selection of drinks, teas and snacks<\/li>\n<li>massages (see Massages section)<\/li>\n<\/ul>\n<h2>Relaxation pool<\/h2>\n<ul>\n<li>provides a unique whole body hydro massage, mental and physical therapy and maximum relaxation<\/li>\n<li>increases body temperature, calms and stabilizes individual processes of the human body<\/li>\n<li>Pool size: 3m*6m<\/li>\n<li>Water Temperature: 28\u00b0C<\/li>\n<\/ul>\n<h2>Chill out zone<\/h2>\n<ul>\n<li>ideal for relaxation, chat with friends and family on comfortable couches<\/li>\n<\/ul>\n<h2>Cooling pool<\/h2>\n<ul>\n<li>helps to harden the body and good blood circulation by cold water<\/li>\n<li>increases elasticity and firmness of skin<\/li>\n<li>required between the sauna entrances<\/li>\n<li>Water Temperature: 12-15\u00b0C<\/li>\n<\/ul>\n<\/div>\n","protected":false},"excerpt":{"rendered":"<p>We invite you to the Wellness, perfect for cleansing the body and spirit. Indulge and enjoy the beneficial effects of steam bath, Finnish sauna, whirlpool baths and relaxation pool. Finnish sauna relaxes muscles helps to increase sweating of the body and the body gets rid of toxins boosts the immune system weakened mainly by diseases<a class=\"excerpt-read-more\" href=\"https:\/\/hotelbristol.sk\/en\/wellness\/attractions\/\" title=\"ViacAttractions\">&#8230; Zobrazi\u0165 viac &raquo;<\/a><\/p>\n","protected":false},"author":1,"featured_media":2598,"parent":182,"menu_order":0,"comment_status":"closed","ping_status":"closed","template":"template-full-width.php","meta":{"_acf_changed":false,"footnotes":""},"class_list":["post-302","page","type-page","status-publish","has-post-thumbnail","hentry"],"acf":[],"yoast_head":"<!-- This site is optimized with the Yoast SEO plugin v27.5 - https:\/\/yoast.com\/product\/yoast-seo-wordpress\/ -->\n<title>Attractions - Boutique Hotel Bristol**** Ko\u0161ice - Hotel, ubytovanie Ko\u0161ice<\/title>\n<meta name=\"description\" content=\"Hotel Bristol**** - Luxusn\u00e9 ubytovanie v centre Ko\u0161\u00edc - hotel pon\u00faka ubytovanie vysok\u00e9ho \u0161tandardu v centre mesta Ko\u0161ice. S\u00fa\u010das\u0165ou hotela je re\u0161taur\u00e1cia, kaviare\u0148, kongresov\u00e9 centrum vhodn\u00e9 aj pre usporiadanie osl\u00e1v a wellness. Hotel Bristol**** Ko\u0161ice - hotel, ubytovanie, wellness Ko\u0161ice.\" \/>\n<meta name=\"robots\" content=\"index, follow, max-snippet:-1, max-image-preview:large, max-video-preview:-1\" \/>\n<link rel=\"canonical\" href=\"https:\/\/hotelbristol.sk\/en\/wellness\/attractions\/\" \/>\n<meta property=\"og:locale\" content=\"en_US\" \/>\n<meta property=\"og:type\" content=\"article\" \/>\n<meta property=\"og:title\" content=\"Attractions - Boutique Hotel Bristol**** Ko\u0161ice - Hotel, ubytovanie Ko\u0161ice\" \/>\n<meta property=\"og:description\" content=\"Hotel Bristol**** - Luxusn\u00e9 ubytovanie v centre Ko\u0161\u00edc - hotel pon\u00faka ubytovanie vysok\u00e9ho \u0161tandardu v centre mesta Ko\u0161ice. S\u00fa\u010das\u0165ou hotela je re\u0161taur\u00e1cia, kaviare\u0148, kongresov\u00e9 centrum vhodn\u00e9 aj pre usporiadanie osl\u00e1v a wellness. Hotel Bristol**** Ko\u0161ice - hotel, ubytovanie, wellness Ko\u0161ice.\" \/>\n<meta property=\"og:url\" content=\"https:\/\/hotelbristol.sk\/en\/wellness\/attractions\/\" \/>\n<meta property=\"og:site_name\" content=\"Boutique Hotel Bristol**** Ko\u0161ice\" \/>\n<meta property=\"article:publisher\" content=\"https:\/\/www.facebook.com\/hotel.bristol.kosice\/\" \/>\n<meta property=\"article:modified_time\" content=\"2026-04-02T13:09:34+00:00\" \/>\n<meta property=\"og:image\" content=\"http:\/\/hotelbristol.sk\/wp-content\/uploads\/2026\/04\/hammam-ilustracny-1.jpg\" \/>\n\t<meta property=\"og:image:width\" content=\"1024\" \/>\n\t<meta property=\"og:image:height\" content=\"683\" \/>\n\t<meta property=\"og:image:type\" content=\"image\/jpeg\" \/>\n<meta name=\"twitter:card\" content=\"summary_large_image\" \/>\n<meta name=\"twitter:site\" content=\"@bristolslovakia\" \/>\n<meta name=\"twitter:label1\" content=\"Est. reading time\" \/>\n\t<meta name=\"twitter:data1\" content=\"3 minutes\" \/>\n<script type=\"application\/ld+json\" class=\"yoast-schema-graph\">{\"@context\":\"https:\\\/\\\/schema.org\",\"@graph\":[{\"@type\":\"WebPage\",\"@id\":\"https:\\\/\\\/hotelbristol.sk\\\/en\\\/wellness\\\/attractions\\\/\",\"url\":\"https:\\\/\\\/hotelbristol.sk\\\/en\\\/wellness\\\/attractions\\\/\",\"name\":\"Attractions - Boutique Hotel Bristol**** Ko\u0161ice - Hotel, ubytovanie Ko\u0161ice\",\"isPartOf\":{\"@id\":\"https:\\\/\\\/hotelbristol.sk\\\/#website\"},\"primaryImageOfPage\":{\"@id\":\"https:\\\/\\\/hotelbristol.sk\\\/en\\\/wellness\\\/attractions\\\/#primaryimage\"},\"image\":{\"@id\":\"https:\\\/\\\/hotelbristol.sk\\\/en\\\/wellness\\\/attractions\\\/#primaryimage\"},\"thumbnailUrl\":\"https:\\\/\\\/hotelbristol.sk\\\/wp-content\\\/uploads\\\/2026\\\/04\\\/hammam-ilustracny-1.jpg\",\"datePublished\":\"2018-08-21T13:42:14+00:00\",\"dateModified\":\"2026-04-02T13:09:34+00:00\",\"description\":\"Hotel Bristol**** - Luxusn\u00e9 ubytovanie v centre Ko\u0161\u00edc - hotel pon\u00faka ubytovanie vysok\u00e9ho \u0161tandardu v centre mesta Ko\u0161ice. S\u00fa\u010das\u0165ou hotela je re\u0161taur\u00e1cia, kaviare\u0148, kongresov\u00e9 centrum vhodn\u00e9 aj pre usporiadanie osl\u00e1v a wellness. Hotel Bristol**** Ko\u0161ice - hotel, ubytovanie, wellness Ko\u0161ice.\",\"breadcrumb\":{\"@id\":\"https:\\\/\\\/hotelbristol.sk\\\/en\\\/wellness\\\/attractions\\\/#breadcrumb\"},\"inLanguage\":\"en-US\",\"potentialAction\":[{\"@type\":\"ReadAction\",\"target\":[\"https:\\\/\\\/hotelbristol.sk\\\/en\\\/wellness\\\/attractions\\\/\"]}]},{\"@type\":\"ImageObject\",\"inLanguage\":\"en-US\",\"@id\":\"https:\\\/\\\/hotelbristol.sk\\\/en\\\/wellness\\\/attractions\\\/#primaryimage\",\"url\":\"https:\\\/\\\/hotelbristol.sk\\\/wp-content\\\/uploads\\\/2026\\\/04\\\/hammam-ilustracny-1.jpg\",\"contentUrl\":\"https:\\\/\\\/hotelbristol.sk\\\/wp-content\\\/uploads\\\/2026\\\/04\\\/hammam-ilustracny-1.jpg\",\"width\":1024,\"height\":683,\"caption\":\"Wellness Hotel Bristol**** Ko\u0161ice\"},{\"@type\":\"BreadcrumbList\",\"@id\":\"https:\\\/\\\/hotelbristol.sk\\\/en\\\/wellness\\\/attractions\\\/#breadcrumb\",\"itemListElement\":[{\"@type\":\"ListItem\",\"position\":1,\"name\":\"Home\",\"item\":\"https:\\\/\\\/hotelbristol.sk\\\/en\\\/\"},{\"@type\":\"ListItem\",\"position\":2,\"name\":\"Wellness\",\"item\":\"https:\\\/\\\/hotelbristol.sk\\\/en\\\/wellness\\\/\"},{\"@type\":\"ListItem\",\"position\":3,\"name\":\"Attractions\"}]},{\"@type\":\"WebSite\",\"@id\":\"https:\\\/\\\/hotelbristol.sk\\\/#website\",\"url\":\"https:\\\/\\\/hotelbristol.sk\\\/\",\"name\":\"Boutique Hotel Bristol**** Ko\u0161ice\",\"description\":\"Luxusn\u00e9 ubytovanie v centre historick\u00fdch Ko\u0161\u00edc - hotel - wellness - spa - kongres - re\u0161taur\u00e1cia - kaviare\u0148\",\"publisher\":{\"@id\":\"https:\\\/\\\/hotelbristol.sk\\\/#organization\"},\"potentialAction\":[{\"@type\":\"SearchAction\",\"target\":{\"@type\":\"EntryPoint\",\"urlTemplate\":\"https:\\\/\\\/hotelbristol.sk\\\/?s={search_term_string}\"},\"query-input\":{\"@type\":\"PropertyValueSpecification\",\"valueRequired\":true,\"valueName\":\"search_term_string\"}}],\"inLanguage\":\"en-US\"},{\"@type\":\"Organization\",\"@id\":\"https:\\\/\\\/hotelbristol.sk\\\/#organization\",\"name\":\"Hotel Bristol**** Ko\u0161ice - Ubytovanie Ko\u0161ice\",\"url\":\"https:\\\/\\\/hotelbristol.sk\\\/\",\"logo\":{\"@type\":\"ImageObject\",\"inLanguage\":\"en-US\",\"@id\":\"https:\\\/\\\/hotelbristol.sk\\\/#\\\/schema\\\/logo\\\/image\\\/\",\"url\":\"https:\\\/\\\/hotelbristol.sk\\\/wp-content\\\/uploads\\\/2018\\\/12\\\/logo_bristol.jpg\",\"contentUrl\":\"https:\\\/\\\/hotelbristol.sk\\\/wp-content\\\/uploads\\\/2018\\\/12\\\/logo_bristol.jpg\",\"width\":1024,\"height\":768,\"caption\":\"Hotel Bristol**** Ko\u0161ice - Ubytovanie Ko\u0161ice\"},\"image\":{\"@id\":\"https:\\\/\\\/hotelbristol.sk\\\/#\\\/schema\\\/logo\\\/image\\\/\"},\"sameAs\":[\"https:\\\/\\\/www.facebook.com\\\/hotel.bristol.kosice\\\/\",\"https:\\\/\\\/x.com\\\/bristolslovakia\",\"http:\\\/\\\/hotelbristolkosice.sk\"]}]}<\/script>\n<!-- \/ Yoast SEO plugin. -->","yoast_head_json":{"title":"Attractions - Boutique Hotel Bristol**** Ko\u0161ice - Hotel, ubytovanie Ko\u0161ice","description":"Hotel Bristol**** - Luxusn\u00e9 ubytovanie v centre Ko\u0161\u00edc - hotel pon\u00faka ubytovanie vysok\u00e9ho \u0161tandardu v centre mesta Ko\u0161ice. S\u00fa\u010das\u0165ou hotela je re\u0161taur\u00e1cia, kaviare\u0148, kongresov\u00e9 centrum vhodn\u00e9 aj pre usporiadanie osl\u00e1v a wellness. Hotel Bristol**** Ko\u0161ice - hotel, ubytovanie, wellness Ko\u0161ice.","robots":{"index":"index","follow":"follow","max-snippet":"max-snippet:-1","max-image-preview":"max-image-preview:large","max-video-preview":"max-video-preview:-1"},"canonical":"https:\/\/hotelbristol.sk\/en\/wellness\/attractions\/","og_locale":"en_US","og_type":"article","og_title":"Attractions - Boutique Hotel Bristol**** Ko\u0161ice - Hotel, ubytovanie Ko\u0161ice","og_description":"Hotel Bristol**** - Luxusn\u00e9 ubytovanie v centre Ko\u0161\u00edc - hotel pon\u00faka ubytovanie vysok\u00e9ho \u0161tandardu v centre mesta Ko\u0161ice. S\u00fa\u010das\u0165ou hotela je re\u0161taur\u00e1cia, kaviare\u0148, kongresov\u00e9 centrum vhodn\u00e9 aj pre usporiadanie osl\u00e1v a wellness. Hotel Bristol**** Ko\u0161ice - hotel, ubytovanie, wellness Ko\u0161ice.","og_url":"https:\/\/hotelbristol.sk\/en\/wellness\/attractions\/","og_site_name":"Boutique Hotel Bristol**** Ko\u0161ice","article_publisher":"https:\/\/www.facebook.com\/hotel.bristol.kosice\/","article_modified_time":"2026-04-02T13:09:34+00:00","og_image":[{"width":1024,"height":683,"url":"http:\/\/hotelbristol.sk\/wp-content\/uploads\/2026\/04\/hammam-ilustracny-1.jpg","type":"image\/jpeg"}],"twitter_card":"summary_large_image","twitter_site":"@bristolslovakia","twitter_misc":{"Est. reading time":"3 minutes"},"schema":{"@context":"https:\/\/schema.org","@graph":[{"@type":"WebPage","@id":"https:\/\/hotelbristol.sk\/en\/wellness\/attractions\/","url":"https:\/\/hotelbristol.sk\/en\/wellness\/attractions\/","name":"Attractions - Boutique Hotel Bristol**** Ko\u0161ice - Hotel, ubytovanie Ko\u0161ice","isPartOf":{"@id":"https:\/\/hotelbristol.sk\/#website"},"primaryImageOfPage":{"@id":"https:\/\/hotelbristol.sk\/en\/wellness\/attractions\/#primaryimage"},"image":{"@id":"https:\/\/hotelbristol.sk\/en\/wellness\/attractions\/#primaryimage"},"thumbnailUrl":"https:\/\/hotelbristol.sk\/wp-content\/uploads\/2026\/04\/hammam-ilustracny-1.jpg","datePublished":"2018-08-21T13:42:14+00:00","dateModified":"2026-04-02T13:09:34+00:00","description":"Hotel Bristol**** - Luxusn\u00e9 ubytovanie v centre Ko\u0161\u00edc - hotel pon\u00faka ubytovanie vysok\u00e9ho \u0161tandardu v centre mesta Ko\u0161ice. S\u00fa\u010das\u0165ou hotela je re\u0161taur\u00e1cia, kaviare\u0148, kongresov\u00e9 centrum vhodn\u00e9 aj pre usporiadanie osl\u00e1v a wellness. Hotel Bristol**** Ko\u0161ice - hotel, ubytovanie, wellness Ko\u0161ice.","breadcrumb":{"@id":"https:\/\/hotelbristol.sk\/en\/wellness\/attractions\/#breadcrumb"},"inLanguage":"en-US","potentialAction":[{"@type":"ReadAction","target":["https:\/\/hotelbristol.sk\/en\/wellness\/attractions\/"]}]},{"@type":"ImageObject","inLanguage":"en-US","@id":"https:\/\/hotelbristol.sk\/en\/wellness\/attractions\/#primaryimage","url":"https:\/\/hotelbristol.sk\/wp-content\/uploads\/2026\/04\/hammam-ilustracny-1.jpg","contentUrl":"https:\/\/hotelbristol.sk\/wp-content\/uploads\/2026\/04\/hammam-ilustracny-1.jpg","width":1024,"height":683,"caption":"Wellness Hotel Bristol**** Ko\u0161ice"},{"@type":"BreadcrumbList","@id":"https:\/\/hotelbristol.sk\/en\/wellness\/attractions\/#breadcrumb","itemListElement":[{"@type":"ListItem","position":1,"name":"Home","item":"https:\/\/hotelbristol.sk\/en\/"},{"@type":"ListItem","position":2,"name":"Wellness","item":"https:\/\/hotelbristol.sk\/en\/wellness\/"},{"@type":"ListItem","position":3,"name":"Attractions"}]},{"@type":"WebSite","@id":"https:\/\/hotelbristol.sk\/#website","url":"https:\/\/hotelbristol.sk\/","name":"Boutique Hotel Bristol**** Ko\u0161ice","description":"Luxusn\u00e9 ubytovanie v centre historick\u00fdch Ko\u0161\u00edc - hotel - wellness - spa - kongres - re\u0161taur\u00e1cia - kaviare\u0148","publisher":{"@id":"https:\/\/hotelbristol.sk\/#organization"},"potentialAction":[{"@type":"SearchAction","target":{"@type":"EntryPoint","urlTemplate":"https:\/\/hotelbristol.sk\/?s={search_term_string}"},"query-input":{"@type":"PropertyValueSpecification","valueRequired":true,"valueName":"search_term_string"}}],"inLanguage":"en-US"},{"@type":"Organization","@id":"https:\/\/hotelbristol.sk\/#organization","name":"Hotel Bristol**** Ko\u0161ice - Ubytovanie Ko\u0161ice","url":"https:\/\/hotelbristol.sk\/","logo":{"@type":"ImageObject","inLanguage":"en-US","@id":"https:\/\/hotelbristol.sk\/#\/schema\/logo\/image\/","url":"https:\/\/hotelbristol.sk\/wp-content\/uploads\/2018\/12\/logo_bristol.jpg","contentUrl":"https:\/\/hotelbristol.sk\/wp-content\/uploads\/2018\/12\/logo_bristol.jpg","width":1024,"height":768,"caption":"Hotel Bristol**** Ko\u0161ice - Ubytovanie Ko\u0161ice"},"image":{"@id":"https:\/\/hotelbristol.sk\/#\/schema\/logo\/image\/"},"sameAs":["https:\/\/www.facebook.com\/hotel.bristol.kosice\/","https:\/\/x.com\/bristolslovakia","http:\/\/hotelbristolkosice.sk"]}]}},"_links":{"self":[{"href":"https:\/\/hotelbristol.sk\/en\/wp-json\/wp\/v2\/pages\/302","targetHints":{"allow":["GET"]}}],"collection":[{"href":"https:\/\/hotelbristol.sk\/en\/wp-json\/wp\/v2\/pages"}],"about":[{"href":"https:\/\/hotelbristol.sk\/en\/wp-json\/wp\/v2\/types\/page"}],"author":[{"embeddable":true,"href":"https:\/\/hotelbristol.sk\/en\/wp-json\/wp\/v2\/users\/1"}],"replies":[{"embeddable":true,"href":"https:\/\/hotelbristol.sk\/en\/wp-json\/wp\/v2\/comments?post=302"}],"version-history":[{"count":23,"href":"https:\/\/hotelbristol.sk\/en\/wp-json\/wp\/v2\/pages\/302\/revisions"}],"predecessor-version":[{"id":2599,"href":"https:\/\/hotelbristol.sk\/en\/wp-json\/wp\/v2\/pages\/302\/revisions\/2599"}],"up":[{"embeddable":true,"href":"https:\/\/hotelbristol.sk\/en\/wp-json\/wp\/v2\/pages\/182"}],"wp:featuredmedia":[{"embeddable":true,"href":"https:\/\/hotelbristol.sk\/en\/wp-json\/wp\/v2\/media\/2598"}],"wp:attachment":[{"href":"https:\/\/hotelbristol.sk\/en\/wp-json\/wp\/v2\/media?parent=302"}],"curies":[{"name":"wp","href":"https:\/\/api.w.org\/{rel}","templated":true}]}}