{"id":182,"date":"2018-07-13T14:43:03","date_gmt":"2018-07-13T12:43:03","guid":{"rendered":"http:\/\/hotelbristol.sk\/?page_id=182"},"modified":"2026-04-02T15:11:11","modified_gmt":"2026-04-02T13:11:11","slug":"wellness","status":"publish","type":"page","link":"https:\/\/hotelbristol.sk\/en\/wellness\/","title":{"rendered":"Wellness"},"content":{"rendered":"<p><!--\n\n\n<div class=\"oznam\"><strong>Roman Spa will be closed from January 1 to March 9, 2026, due to maintenance. Thank you for understanding.<\/strong><\/div>\n\n\n--><\/p>\n<p>Give your body the relaxation you deserve and visit our Wellness. The exclusive areas, intimate atmosphere is an oasis of calm and sweet idleness. We offer exceptional Finnish sauna, steam bath, whirlpool and relaxation pool, which certainly will please everyone. Roman Spa in Bristol Hotel offers you the perfect place to relax and recharge your batteries.<\/p>\n<h2>Attractions:<\/h2>\n<ul>\n<li>Finnish Sauna<\/li>\n<li>Steam bath<\/li>\n<li>Hammam \u2013 heated marble seating<\/li>\n<li>Relaxation pool<\/li>\n<li>Cooling pool<\/li>\n<li>Chill out zone<\/li>\n<li>Vital Bar<\/li>\n<\/ul>\n<h2>Single entry to the Wellness:<\/h2>\n<ul>\n<li>2.5 hour stay using all the attractions in open space<\/li>\n<li>Sheet and towel upon arrival<\/li>\n<li>Mineral water and tea<\/li>\n<li>Lockers<\/li>\n<li>Vital bar<\/li>\n<\/ul>\n<h2>Opening hours:<\/h2>\n<p>Monday to Sunday: 16<sup>00<\/sup>\u00a0\u2013 21<sup>30<\/sup><\/p>\n<h2>Price:<\/h2>\n<ul>\n<li>21\u20ac \/ 2.5 hrs. single entry<\/li>\n<li>21\u20ac \/ 2.5 hrs. voucher<\/li>\n<li>180\u20ac \/ season ticket (10 entries)<\/li>\n<li>Children under 6 years old free \/ from 16:00-19:00<\/li>\n<\/ul>\n<h2>Reservation<\/h2>\n<p>The capacity of the Wellness is 12 people and after making a reservation you are guaranteed a place. Reservation is not required or not binding, but even though it is recommended. If you are interested, you can book your place at the reception desk on telephone number 055\/729 00 77 or via e-mail info@hotelbristol.sk.<\/p>\n<h2>Gift vouchers<\/h2>\n<p>Give health and relax to family, friends or co-workers; whether it\u2019s a birthday, anniversary, Christmas gift, thank you or just for fun.<\/p>\n","protected":false},"excerpt":{"rendered":"<p>Give your body the relaxation you deserve and visit our Wellness. The exclusive areas, intimate atmosphere is an oasis of calm and sweet idleness. We offer exceptional Finnish sauna, steam bath, whirlpool and relaxation pool, which certainly will please everyone. Roman Spa in Bristol Hotel offers you the perfect place to relax and recharge your<a class=\"excerpt-read-more\" href=\"https:\/\/hotelbristol.sk\/en\/wellness\/\" title=\"ViacWellness\">&#8230; Zobrazi\u0165 viac &raquo;<\/a><\/p>\n","protected":false},"author":1,"featured_media":2602,"parent":0,"menu_order":0,"comment_status":"closed","ping_status":"closed","template":"template-full-width.php","meta":{"_acf_changed":false,"footnotes":""},"class_list":["post-182","page","type-page","status-publish","has-post-thumbnail","hentry"],"acf":[],"yoast_head":"<!-- This site is optimized with the Yoast SEO plugin v27.5 - https:\/\/yoast.com\/product\/yoast-seo-wordpress\/ -->\n<title>Wellness - Boutique Hotel Bristol**** Ko\u0161ice - Hotel, ubytovanie Ko\u0161ice<\/title>\n<meta name=\"description\" content=\"Hotel Bristol**** - Luxusn\u00e9 ubytovanie v centre Ko\u0161\u00edc - hotel pon\u00faka ubytovanie vysok\u00e9ho \u0161tandardu v centre mesta Ko\u0161ice. S\u00fa\u010das\u0165ou hotela je re\u0161taur\u00e1cia, kaviare\u0148, kongresov\u00e9 centrum vhodn\u00e9 aj pre usporiadanie osl\u00e1v a wellness. Hotel Bristol**** Ko\u0161ice - hotel, ubytovanie, wellness Ko\u0161ice.\" \/>\n<meta name=\"robots\" content=\"index, follow, max-snippet:-1, max-image-preview:large, max-video-preview:-1\" \/>\n<link rel=\"canonical\" href=\"https:\/\/hotelbristol.sk\/en\/wellness\/\" \/>\n<meta property=\"og:locale\" content=\"en_US\" \/>\n<meta property=\"og:type\" content=\"article\" \/>\n<meta property=\"og:title\" content=\"Wellness - Boutique Hotel Bristol**** Ko\u0161ice - Hotel, ubytovanie Ko\u0161ice\" \/>\n<meta property=\"og:description\" content=\"Hotel Bristol**** - Luxusn\u00e9 ubytovanie v centre Ko\u0161\u00edc - hotel pon\u00faka ubytovanie vysok\u00e9ho \u0161tandardu v centre mesta Ko\u0161ice. S\u00fa\u010das\u0165ou hotela je re\u0161taur\u00e1cia, kaviare\u0148, kongresov\u00e9 centrum vhodn\u00e9 aj pre usporiadanie osl\u00e1v a wellness. Hotel Bristol**** Ko\u0161ice - hotel, ubytovanie, wellness Ko\u0161ice.\" \/>\n<meta property=\"og:url\" content=\"https:\/\/hotelbristol.sk\/en\/wellness\/\" \/>\n<meta property=\"og:site_name\" content=\"Boutique Hotel Bristol**** Ko\u0161ice\" \/>\n<meta property=\"article:publisher\" content=\"https:\/\/www.facebook.com\/hotel.bristol.kosice\/\" \/>\n<meta property=\"article:modified_time\" content=\"2026-04-02T13:11:11+00:00\" \/>\n<meta property=\"og:image\" content=\"http:\/\/hotelbristol.sk\/wp-content\/uploads\/2026\/04\/bazen-il.jpg\" \/>\n\t<meta property=\"og:image:width\" content=\"1024\" \/>\n\t<meta property=\"og:image:height\" content=\"768\" \/>\n\t<meta property=\"og:image:type\" content=\"image\/jpeg\" \/>\n<meta name=\"twitter:card\" content=\"summary_large_image\" \/>\n<meta name=\"twitter:site\" content=\"@bristolslovakia\" \/>\n<meta name=\"twitter:label1\" content=\"Est. reading time\" \/>\n\t<meta name=\"twitter:data1\" content=\"3 minutes\" \/>\n<script type=\"application\/ld+json\" class=\"yoast-schema-graph\">{\"@context\":\"https:\\\/\\\/schema.org\",\"@graph\":[{\"@type\":\"WebPage\",\"@id\":\"https:\\\/\\\/hotelbristol.sk\\\/en\\\/wellness\\\/\",\"url\":\"https:\\\/\\\/hotelbristol.sk\\\/en\\\/wellness\\\/\",\"name\":\"Wellness - Boutique Hotel Bristol**** Ko\u0161ice - Hotel, ubytovanie Ko\u0161ice\",\"isPartOf\":{\"@id\":\"https:\\\/\\\/hotelbristol.sk\\\/#website\"},\"primaryImageOfPage\":{\"@id\":\"https:\\\/\\\/hotelbristol.sk\\\/en\\\/wellness\\\/#primaryimage\"},\"image\":{\"@id\":\"https:\\\/\\\/hotelbristol.sk\\\/en\\\/wellness\\\/#primaryimage\"},\"thumbnailUrl\":\"https:\\\/\\\/hotelbristol.sk\\\/wp-content\\\/uploads\\\/2026\\\/04\\\/bazen-il.jpg\",\"datePublished\":\"2018-07-13T12:43:03+00:00\",\"dateModified\":\"2026-04-02T13:11:11+00:00\",\"description\":\"Hotel Bristol**** - Luxusn\u00e9 ubytovanie v centre Ko\u0161\u00edc - hotel pon\u00faka ubytovanie vysok\u00e9ho \u0161tandardu v centre mesta Ko\u0161ice. S\u00fa\u010das\u0165ou hotela je re\u0161taur\u00e1cia, kaviare\u0148, kongresov\u00e9 centrum vhodn\u00e9 aj pre usporiadanie osl\u00e1v a wellness. Hotel Bristol**** Ko\u0161ice - hotel, ubytovanie, wellness Ko\u0161ice.\",\"breadcrumb\":{\"@id\":\"https:\\\/\\\/hotelbristol.sk\\\/en\\\/wellness\\\/#breadcrumb\"},\"inLanguage\":\"en-US\",\"potentialAction\":[{\"@type\":\"ReadAction\",\"target\":[\"https:\\\/\\\/hotelbristol.sk\\\/en\\\/wellness\\\/\"]}]},{\"@type\":\"ImageObject\",\"inLanguage\":\"en-US\",\"@id\":\"https:\\\/\\\/hotelbristol.sk\\\/en\\\/wellness\\\/#primaryimage\",\"url\":\"https:\\\/\\\/hotelbristol.sk\\\/wp-content\\\/uploads\\\/2026\\\/04\\\/bazen-il.jpg\",\"contentUrl\":\"https:\\\/\\\/hotelbristol.sk\\\/wp-content\\\/uploads\\\/2026\\\/04\\\/bazen-il.jpg\",\"width\":1024,\"height\":768,\"caption\":\"Wellness Hotel Bristol**** Ko\u0161ice\"},{\"@type\":\"BreadcrumbList\",\"@id\":\"https:\\\/\\\/hotelbristol.sk\\\/en\\\/wellness\\\/#breadcrumb\",\"itemListElement\":[{\"@type\":\"ListItem\",\"position\":1,\"name\":\"Home\",\"item\":\"https:\\\/\\\/hotelbristol.sk\\\/en\\\/\"},{\"@type\":\"ListItem\",\"position\":2,\"name\":\"Wellness\"}]},{\"@type\":\"WebSite\",\"@id\":\"https:\\\/\\\/hotelbristol.sk\\\/#website\",\"url\":\"https:\\\/\\\/hotelbristol.sk\\\/\",\"name\":\"Boutique Hotel Bristol**** Ko\u0161ice\",\"description\":\"Luxusn\u00e9 ubytovanie v centre historick\u00fdch Ko\u0161\u00edc - hotel - wellness - spa - kongres - re\u0161taur\u00e1cia - kaviare\u0148\",\"publisher\":{\"@id\":\"https:\\\/\\\/hotelbristol.sk\\\/#organization\"},\"potentialAction\":[{\"@type\":\"SearchAction\",\"target\":{\"@type\":\"EntryPoint\",\"urlTemplate\":\"https:\\\/\\\/hotelbristol.sk\\\/?s={search_term_string}\"},\"query-input\":{\"@type\":\"PropertyValueSpecification\",\"valueRequired\":true,\"valueName\":\"search_term_string\"}}],\"inLanguage\":\"en-US\"},{\"@type\":\"Organization\",\"@id\":\"https:\\\/\\\/hotelbristol.sk\\\/#organization\",\"name\":\"Hotel Bristol**** Ko\u0161ice - Ubytovanie Ko\u0161ice\",\"url\":\"https:\\\/\\\/hotelbristol.sk\\\/\",\"logo\":{\"@type\":\"ImageObject\",\"inLanguage\":\"en-US\",\"@id\":\"https:\\\/\\\/hotelbristol.sk\\\/#\\\/schema\\\/logo\\\/image\\\/\",\"url\":\"https:\\\/\\\/hotelbristol.sk\\\/wp-content\\\/uploads\\\/2018\\\/12\\\/logo_bristol.jpg\",\"contentUrl\":\"https:\\\/\\\/hotelbristol.sk\\\/wp-content\\\/uploads\\\/2018\\\/12\\\/logo_bristol.jpg\",\"width\":1024,\"height\":768,\"caption\":\"Hotel Bristol**** Ko\u0161ice - Ubytovanie Ko\u0161ice\"},\"image\":{\"@id\":\"https:\\\/\\\/hotelbristol.sk\\\/#\\\/schema\\\/logo\\\/image\\\/\"},\"sameAs\":[\"https:\\\/\\\/www.facebook.com\\\/hotel.bristol.kosice\\\/\",\"https:\\\/\\\/x.com\\\/bristolslovakia\",\"http:\\\/\\\/hotelbristolkosice.sk\"]}]}<\/script>\n<!-- \/ Yoast SEO plugin. -->","yoast_head_json":{"title":"Wellness - Boutique Hotel Bristol**** Ko\u0161ice - Hotel, ubytovanie Ko\u0161ice","description":"Hotel Bristol**** - Luxusn\u00e9 ubytovanie v centre Ko\u0161\u00edc - hotel pon\u00faka ubytovanie vysok\u00e9ho \u0161tandardu v centre mesta Ko\u0161ice. S\u00fa\u010das\u0165ou hotela je re\u0161taur\u00e1cia, kaviare\u0148, kongresov\u00e9 centrum vhodn\u00e9 aj pre usporiadanie osl\u00e1v a wellness. Hotel Bristol**** Ko\u0161ice - hotel, ubytovanie, wellness Ko\u0161ice.","robots":{"index":"index","follow":"follow","max-snippet":"max-snippet:-1","max-image-preview":"max-image-preview:large","max-video-preview":"max-video-preview:-1"},"canonical":"https:\/\/hotelbristol.sk\/en\/wellness\/","og_locale":"en_US","og_type":"article","og_title":"Wellness - Boutique Hotel Bristol**** Ko\u0161ice - Hotel, ubytovanie Ko\u0161ice","og_description":"Hotel Bristol**** - Luxusn\u00e9 ubytovanie v centre Ko\u0161\u00edc - hotel pon\u00faka ubytovanie vysok\u00e9ho \u0161tandardu v centre mesta Ko\u0161ice. S\u00fa\u010das\u0165ou hotela je re\u0161taur\u00e1cia, kaviare\u0148, kongresov\u00e9 centrum vhodn\u00e9 aj pre usporiadanie osl\u00e1v a wellness. Hotel Bristol**** Ko\u0161ice - hotel, ubytovanie, wellness Ko\u0161ice.","og_url":"https:\/\/hotelbristol.sk\/en\/wellness\/","og_site_name":"Boutique Hotel Bristol**** Ko\u0161ice","article_publisher":"https:\/\/www.facebook.com\/hotel.bristol.kosice\/","article_modified_time":"2026-04-02T13:11:11+00:00","og_image":[{"width":1024,"height":768,"url":"http:\/\/hotelbristol.sk\/wp-content\/uploads\/2026\/04\/bazen-il.jpg","type":"image\/jpeg"}],"twitter_card":"summary_large_image","twitter_site":"@bristolslovakia","twitter_misc":{"Est. reading time":"3 minutes"},"schema":{"@context":"https:\/\/schema.org","@graph":[{"@type":"WebPage","@id":"https:\/\/hotelbristol.sk\/en\/wellness\/","url":"https:\/\/hotelbristol.sk\/en\/wellness\/","name":"Wellness - Boutique Hotel Bristol**** Ko\u0161ice - Hotel, ubytovanie Ko\u0161ice","isPartOf":{"@id":"https:\/\/hotelbristol.sk\/#website"},"primaryImageOfPage":{"@id":"https:\/\/hotelbristol.sk\/en\/wellness\/#primaryimage"},"image":{"@id":"https:\/\/hotelbristol.sk\/en\/wellness\/#primaryimage"},"thumbnailUrl":"https:\/\/hotelbristol.sk\/wp-content\/uploads\/2026\/04\/bazen-il.jpg","datePublished":"2018-07-13T12:43:03+00:00","dateModified":"2026-04-02T13:11:11+00:00","description":"Hotel Bristol**** - Luxusn\u00e9 ubytovanie v centre Ko\u0161\u00edc - hotel pon\u00faka ubytovanie vysok\u00e9ho \u0161tandardu v centre mesta Ko\u0161ice. S\u00fa\u010das\u0165ou hotela je re\u0161taur\u00e1cia, kaviare\u0148, kongresov\u00e9 centrum vhodn\u00e9 aj pre usporiadanie osl\u00e1v a wellness. Hotel Bristol**** Ko\u0161ice - hotel, ubytovanie, wellness Ko\u0161ice.","breadcrumb":{"@id":"https:\/\/hotelbristol.sk\/en\/wellness\/#breadcrumb"},"inLanguage":"en-US","potentialAction":[{"@type":"ReadAction","target":["https:\/\/hotelbristol.sk\/en\/wellness\/"]}]},{"@type":"ImageObject","inLanguage":"en-US","@id":"https:\/\/hotelbristol.sk\/en\/wellness\/#primaryimage","url":"https:\/\/hotelbristol.sk\/wp-content\/uploads\/2026\/04\/bazen-il.jpg","contentUrl":"https:\/\/hotelbristol.sk\/wp-content\/uploads\/2026\/04\/bazen-il.jpg","width":1024,"height":768,"caption":"Wellness Hotel Bristol**** Ko\u0161ice"},{"@type":"BreadcrumbList","@id":"https:\/\/hotelbristol.sk\/en\/wellness\/#breadcrumb","itemListElement":[{"@type":"ListItem","position":1,"name":"Home","item":"https:\/\/hotelbristol.sk\/en\/"},{"@type":"ListItem","position":2,"name":"Wellness"}]},{"@type":"WebSite","@id":"https:\/\/hotelbristol.sk\/#website","url":"https:\/\/hotelbristol.sk\/","name":"Boutique Hotel Bristol**** Ko\u0161ice","description":"Luxusn\u00e9 ubytovanie v centre historick\u00fdch Ko\u0161\u00edc - hotel - wellness - spa - kongres - re\u0161taur\u00e1cia - kaviare\u0148","publisher":{"@id":"https:\/\/hotelbristol.sk\/#organization"},"potentialAction":[{"@type":"SearchAction","target":{"@type":"EntryPoint","urlTemplate":"https:\/\/hotelbristol.sk\/?s={search_term_string}"},"query-input":{"@type":"PropertyValueSpecification","valueRequired":true,"valueName":"search_term_string"}}],"inLanguage":"en-US"},{"@type":"Organization","@id":"https:\/\/hotelbristol.sk\/#organization","name":"Hotel Bristol**** Ko\u0161ice - Ubytovanie Ko\u0161ice","url":"https:\/\/hotelbristol.sk\/","logo":{"@type":"ImageObject","inLanguage":"en-US","@id":"https:\/\/hotelbristol.sk\/#\/schema\/logo\/image\/","url":"https:\/\/hotelbristol.sk\/wp-content\/uploads\/2018\/12\/logo_bristol.jpg","contentUrl":"https:\/\/hotelbristol.sk\/wp-content\/uploads\/2018\/12\/logo_bristol.jpg","width":1024,"height":768,"caption":"Hotel Bristol**** Ko\u0161ice - Ubytovanie Ko\u0161ice"},"image":{"@id":"https:\/\/hotelbristol.sk\/#\/schema\/logo\/image\/"},"sameAs":["https:\/\/www.facebook.com\/hotel.bristol.kosice\/","https:\/\/x.com\/bristolslovakia","http:\/\/hotelbristolkosice.sk"]}]}},"_links":{"self":[{"href":"https:\/\/hotelbristol.sk\/en\/wp-json\/wp\/v2\/pages\/182","targetHints":{"allow":["GET"]}}],"collection":[{"href":"https:\/\/hotelbristol.sk\/en\/wp-json\/wp\/v2\/pages"}],"about":[{"href":"https:\/\/hotelbristol.sk\/en\/wp-json\/wp\/v2\/types\/page"}],"author":[{"embeddable":true,"href":"https:\/\/hotelbristol.sk\/en\/wp-json\/wp\/v2\/users\/1"}],"replies":[{"embeddable":true,"href":"https:\/\/hotelbristol.sk\/en\/wp-json\/wp\/v2\/comments?post=182"}],"version-history":[{"count":39,"href":"https:\/\/hotelbristol.sk\/en\/wp-json\/wp\/v2\/pages\/182\/revisions"}],"predecessor-version":[{"id":2590,"href":"https:\/\/hotelbristol.sk\/en\/wp-json\/wp\/v2\/pages\/182\/revisions\/2590"}],"wp:featuredmedia":[{"embeddable":true,"href":"https:\/\/hotelbristol.sk\/en\/wp-json\/wp\/v2\/media\/2602"}],"wp:attachment":[{"href":"https:\/\/hotelbristol.sk\/en\/wp-json\/wp\/v2\/media?parent=182"}],"curies":[{"name":"wp","href":"https:\/\/api.w.org\/{rel}","templated":true}]}}