{"id":140,"date":"2018-07-11T17:04:07","date_gmt":"2018-07-11T15:04:07","guid":{"rendered":"http:\/\/hotelbristol.sk\/?page_id=140"},"modified":"2018-07-11T17:04:07","modified_gmt":"2018-07-11T15:04:07","slug":"awards-press-and-partners","status":"publish","type":"page","link":"https:\/\/hotelbristol.sk\/en\/references\/awards-press-and-partners\/","title":{"rendered":"Awards, press and partners"},"content":{"rendered":"<h2>Our visitors:<\/h2>\n<div>\n<ul>\n<li>Jean Michel Jarre<\/li>\n<li>Seal<\/li>\n<li>Vanessa Mae band<\/li>\n<li>Emir Kusturica<\/li>\n<li>Prime Minister and Ministers of Slovak Republic<\/li>\n<li>Cool &amp; The Gang<\/li>\n<li>Jamiroquai<\/li>\n<li>\u2026<\/li>\n<\/ul>\n<\/div>\n<div><\/div>\n<h2>We are recommended by<\/h2>\n<p><a href=\"http:\/\/www.airportkosice.sk\/en\/kosice\/acommodation\/\"><img loading=\"lazy\" decoding=\"async\" class=\"alignnone size-full wp-image-94\" src=\"http:\/\/hotelbristol.sk\/wp-content\/uploads\/2018\/07\/airport-kosice.jpg\" alt=\"\" width=\"203\" height=\"146\" \/><\/a><a href=\"http:\/\/travel.nytimes.com\/2008\/08\/10\/travel\/10next.html?_r=0\"><img loading=\"lazy\" decoding=\"async\" class=\"alignnone size-full wp-image-108\" src=\"http:\/\/hotelbristol.sk\/wp-content\/uploads\/2018\/07\/new-york-times.jpg\" alt=\"\" width=\"203\" height=\"146\" \/><\/a> <a href=\"http:\/\/restauracie.etrend.sk\/hodnotenie-hotelov\/boutique-hotel-bristol.html\"><img loading=\"lazy\" decoding=\"async\" class=\"alignnone size-full wp-image-96\" src=\"http:\/\/hotelbristol.sk\/wp-content\/uploads\/2018\/07\/e-trend.jpg\" alt=\"\" width=\"203\" height=\"146\" \/><\/a><a href=\"http:\/\/traveltips.usatoday.com\/kosice-slovakia-hotels-25421.html\"><img loading=\"lazy\" decoding=\"async\" class=\"alignnone size-full wp-image-126\" src=\"http:\/\/hotelbristol.sk\/wp-content\/uploads\/2018\/07\/usa-today.jpg\" alt=\"\" width=\"203\" height=\"146\" \/><\/a> <a href=\"http:\/\/www.visitkosice.eu\/en\/things-to-see-and-do\/indulgence\"><img loading=\"lazy\" decoding=\"async\" class=\"alignnone size-full wp-image-132\" src=\"http:\/\/hotelbristol.sk\/wp-content\/uploads\/2018\/07\/visit-kosice.jpg\" alt=\"\" width=\"203\" height=\"146\" \/><\/a><a href=\"http:\/\/www.tripadvisor.com\/\"><img loading=\"lazy\" decoding=\"async\" class=\"alignnone size-full wp-image-122\" src=\"http:\/\/hotelbristol.sk\/wp-content\/uploads\/2018\/07\/trip-advisor.jpg\" alt=\"\" width=\"203\" height=\"146\" \/><\/a><a href=\"http:\/\/www.hrs.hu\/\"><img loading=\"lazy\" decoding=\"async\" class=\"alignnone size-full wp-image-102\" src=\"http:\/\/hotelbristol.sk\/wp-content\/uploads\/2018\/07\/hrs.jpg\" alt=\"\" width=\"203\" height=\"146\" \/><\/a><a href=\"http:\/\/www.venere.com\/\"><img loading=\"lazy\" decoding=\"async\" class=\"alignnone size-full wp-image-128\" src=\"http:\/\/hotelbristol.sk\/wp-content\/uploads\/2018\/07\/venere.jpg\" alt=\"\" width=\"203\" height=\"146\" \/><\/a><\/p>\n<h2>Awards<\/h2>\n<p><img loading=\"lazy\" decoding=\"async\" class=\"alignnone size-full wp-image-116\" src=\"http:\/\/hotelbristol.sk\/wp-content\/uploads\/2018\/07\/top-trend.jpg\" alt=\"\" width=\"203\" height=\"146\" \/>\u00a0<a href=\"http:\/\/www.hrs.com\/uk\/booking\/en\/slovak-republic\/kysak-kosicky-kraj\/boutique-bristol-419067.html\"><img loading=\"lazy\" decoding=\"async\" class=\"alignnone size-full wp-image-104\" src=\"http:\/\/hotelbristol.sk\/wp-content\/uploads\/2018\/07\/hrs-award.jpg\" alt=\"\" width=\"203\" height=\"146\" \/><\/a><a href=\"http:\/\/www.tripadvisor.co.uk\/Hotel_Review-g274927-d640736-Reviews-Bristol_Hotel-Kosice_Kosice_Region.html\"><img loading=\"lazy\" decoding=\"async\" class=\"alignnone size-full wp-image-118\" src=\"http:\/\/hotelbristol.sk\/wp-content\/uploads\/2018\/07\/traveler-choice-2013.jpg\" alt=\"\" width=\"203\" height=\"146\" \/><\/a> <a href=\"http:\/\/www.tripadvisor.sk\/Hotel_Review-g274927-d640736-Reviews-Bristol_Hotel-Kosice_Kosice_Region.html\"><img loading=\"lazy\" decoding=\"async\" class=\"alignnone size-full wp-image-120\" src=\"http:\/\/hotelbristol.sk\/wp-content\/uploads\/2018\/07\/trip-2015.jpg\" alt=\"\" width=\"203\" height=\"146\" \/><\/a> \u00a0<a href=\"http:\/\/www.tripadvisor.co.uk\/Hotel_Review-g274927-d640736-Reviews-Bristol_Hotel-Kosice_Kosice_Region.html\"><img loading=\"lazy\" decoding=\"async\" class=\"alignnone size-full wp-image-124\" src=\"http:\/\/hotelbristol.sk\/wp-content\/uploads\/2018\/07\/trip-advisor-2014.jpg\" alt=\"\" width=\"203\" height=\"146\" \/><\/a>\u00a0<a href=\"http:\/\/www.venere.com\/hotels\/kosice\/bristol-hotel\/\"><img loading=\"lazy\" decoding=\"async\" class=\"alignnone size-full wp-image-130\" src=\"http:\/\/hotelbristol.sk\/wp-content\/uploads\/2018\/07\/venere-award.jpg\" alt=\"\" width=\"203\" height=\"146\" \/><\/a><img loading=\"lazy\" decoding=\"async\" class=\"alignnone size-full wp-image-100\" src=\"http:\/\/hotelbristol.sk\/wp-content\/uploads\/2018\/07\/gurman.jpg\" alt=\"\" width=\"203\" height=\"146\" \/><\/p>\n<h2>Partners<\/h2>\n<p><a href=\"http:\/\/kronikaslovenskejrepubliky.sk\/\"><img loading=\"lazy\" decoding=\"async\" class=\"alignnone size-full wp-image-106\" src=\"http:\/\/hotelbristol.sk\/wp-content\/uploads\/2018\/07\/kronika.jpg\" alt=\"\" width=\"203\" height=\"146\" \/><\/a>\u00a0<a href=\"http:\/\/restauracie.sme.sk\/\"><img loading=\"lazy\" decoding=\"async\" class=\"alignnone size-full wp-image-110\" src=\"http:\/\/hotelbristol.sk\/wp-content\/uploads\/2018\/07\/restauracie.jpg\" alt=\"\" width=\"203\" height=\"146\" \/><\/a> <a href=\"http:\/\/www.saffronbeds.sk\/\"><img loading=\"lazy\" decoding=\"async\" class=\"alignnone size-full wp-image-112\" src=\"http:\/\/hotelbristol.sk\/wp-content\/uploads\/2018\/07\/saffron.jpg\" alt=\"\" width=\"203\" height=\"146\" \/><\/a> <a href=\"http:\/\/hotelbristol.sk\/wp-content\/uploads\/2018\/07\/eu.pdf\"><img loading=\"lazy\" decoding=\"async\" class=\"alignnone wp-image-114 size-full\" src=\"http:\/\/hotelbristol.sk\/wp-content\/uploads\/2018\/07\/slovenska-agentura-pre-cestovny-ruch.jpg\" alt=\"\" width=\"203\" height=\"146\" \/><\/a><a href=\"http:\/\/www.exitravel.sk\/\"><img loading=\"lazy\" decoding=\"async\" class=\"alignnone size-full wp-image-98\" src=\"http:\/\/hotelbristol.sk\/wp-content\/uploads\/2018\/07\/exitravel.jpg\" alt=\"\" width=\"203\" height=\"146\" \/><\/a>\u00a0<a href=\"http:\/\/www.visitslovakia.com\/slovensko-slovensko\"><img loading=\"lazy\" decoding=\"async\" class=\"alignnone size-full wp-image-134\" src=\"http:\/\/hotelbristol.sk\/wp-content\/uploads\/2018\/07\/visit-slovakia.jpg\" alt=\"\" width=\"203\" height=\"146\" \/><\/a><\/p>\n","protected":false},"excerpt":{"rendered":"<p>Our visitors: Jean Michel Jarre Seal Vanessa Mae band Emir Kusturica Prime Minister and Ministers of Slovak Republic Cool &amp; The Gang Jamiroquai \u2026 We are recommended by Awards \u00a0 \u00a0\u00a0 Partners \u00a0 \u00a0<\/p>\n","protected":false},"author":1,"featured_media":0,"parent":411,"menu_order":0,"comment_status":"closed","ping_status":"closed","template":"template-noheader.php","meta":{"_acf_changed":false,"footnotes":""},"class_list":["post-140","page","type-page","status-publish","hentry"],"acf":[],"yoast_head":"<!-- This site is optimized with the Yoast SEO plugin v27.5 - https:\/\/yoast.com\/product\/yoast-seo-wordpress\/ -->\n<title>Awards, press and partners - Boutique Hotel Bristol**** Ko\u0161ice - Hotel, ubytovanie Ko\u0161ice<\/title>\n<meta name=\"description\" content=\"Hotel Bristol**** - Luxusn\u00e9 ubytovanie v centre Ko\u0161\u00edc - hotel pon\u00faka ubytovanie vysok\u00e9ho \u0161tandardu v centre mesta Ko\u0161ice. S\u00fa\u010das\u0165ou hotela je re\u0161taur\u00e1cia, kaviare\u0148, kongresov\u00e9 centrum vhodn\u00e9 aj pre usporiadanie osl\u00e1v a wellness. Hotel Bristol**** Ko\u0161ice - hotel, ubytovanie, wellness Ko\u0161ice.\" \/>\n<meta name=\"robots\" content=\"index, follow, max-snippet:-1, max-image-preview:large, max-video-preview:-1\" \/>\n<link rel=\"canonical\" href=\"https:\/\/hotelbristol.sk\/referencie\/ocenenia-tlac-a-partneri\/\" \/>\n<meta property=\"og:locale\" content=\"en_US\" \/>\n<meta property=\"og:type\" content=\"article\" \/>\n<meta property=\"og:title\" content=\"Awards, press and partners - Boutique Hotel Bristol**** Ko\u0161ice - Hotel, ubytovanie Ko\u0161ice\" \/>\n<meta property=\"og:description\" content=\"Hotel Bristol**** - Luxusn\u00e9 ubytovanie v centre Ko\u0161\u00edc - hotel pon\u00faka ubytovanie vysok\u00e9ho \u0161tandardu v centre mesta Ko\u0161ice. S\u00fa\u010das\u0165ou hotela je re\u0161taur\u00e1cia, kaviare\u0148, kongresov\u00e9 centrum vhodn\u00e9 aj pre usporiadanie osl\u00e1v a wellness. Hotel Bristol**** Ko\u0161ice - hotel, ubytovanie, wellness Ko\u0161ice.\" \/>\n<meta property=\"og:url\" content=\"https:\/\/hotelbristol.sk\/referencie\/ocenenia-tlac-a-partneri\/\" \/>\n<meta property=\"og:site_name\" content=\"Boutique Hotel Bristol**** Ko\u0161ice\" \/>\n<meta property=\"article:publisher\" content=\"https:\/\/www.facebook.com\/hotel.bristol.kosice\/\" \/>\n<meta property=\"og:image\" content=\"http:\/\/hotelbristol.sk\/wp-content\/uploads\/2018\/07\/airport-kosice.jpg\" \/>\n<meta name=\"twitter:card\" content=\"summary_large_image\" \/>\n<meta name=\"twitter:site\" content=\"@bristolslovakia\" \/>\n<script type=\"application\/ld+json\" class=\"yoast-schema-graph\">{\"@context\":\"https:\\\/\\\/schema.org\",\"@graph\":[{\"@type\":\"WebPage\",\"@id\":\"https:\\\/\\\/hotelbristol.sk\\\/referencie\\\/ocenenia-tlac-a-partneri\\\/\",\"url\":\"https:\\\/\\\/hotelbristol.sk\\\/referencie\\\/ocenenia-tlac-a-partneri\\\/\",\"name\":\"Awards, press and partners - Boutique Hotel Bristol**** Ko\u0161ice - Hotel, ubytovanie Ko\u0161ice\",\"isPartOf\":{\"@id\":\"https:\\\/\\\/hotelbristol.sk\\\/#website\"},\"primaryImageOfPage\":{\"@id\":\"https:\\\/\\\/hotelbristol.sk\\\/referencie\\\/ocenenia-tlac-a-partneri\\\/#primaryimage\"},\"image\":{\"@id\":\"https:\\\/\\\/hotelbristol.sk\\\/referencie\\\/ocenenia-tlac-a-partneri\\\/#primaryimage\"},\"thumbnailUrl\":\"http:\\\/\\\/hotelbristol.sk\\\/wp-content\\\/uploads\\\/2018\\\/07\\\/airport-kosice.jpg\",\"datePublished\":\"2018-07-11T15:04:07+00:00\",\"description\":\"Hotel Bristol**** - Luxusn\u00e9 ubytovanie v centre Ko\u0161\u00edc - hotel pon\u00faka ubytovanie vysok\u00e9ho \u0161tandardu v centre mesta Ko\u0161ice. S\u00fa\u010das\u0165ou hotela je re\u0161taur\u00e1cia, kaviare\u0148, kongresov\u00e9 centrum vhodn\u00e9 aj pre usporiadanie osl\u00e1v a wellness. Hotel Bristol**** Ko\u0161ice - hotel, ubytovanie, wellness Ko\u0161ice.\",\"breadcrumb\":{\"@id\":\"https:\\\/\\\/hotelbristol.sk\\\/referencie\\\/ocenenia-tlac-a-partneri\\\/#breadcrumb\"},\"inLanguage\":\"en-US\",\"potentialAction\":[{\"@type\":\"ReadAction\",\"target\":[\"https:\\\/\\\/hotelbristol.sk\\\/referencie\\\/ocenenia-tlac-a-partneri\\\/\"]}]},{\"@type\":\"ImageObject\",\"inLanguage\":\"en-US\",\"@id\":\"https:\\\/\\\/hotelbristol.sk\\\/referencie\\\/ocenenia-tlac-a-partneri\\\/#primaryimage\",\"url\":\"http:\\\/\\\/hotelbristol.sk\\\/wp-content\\\/uploads\\\/2018\\\/07\\\/airport-kosice.jpg\",\"contentUrl\":\"http:\\\/\\\/hotelbristol.sk\\\/wp-content\\\/uploads\\\/2018\\\/07\\\/airport-kosice.jpg\"},{\"@type\":\"BreadcrumbList\",\"@id\":\"https:\\\/\\\/hotelbristol.sk\\\/referencie\\\/ocenenia-tlac-a-partneri\\\/#breadcrumb\",\"itemListElement\":[{\"@type\":\"ListItem\",\"position\":1,\"name\":\"Home\",\"item\":\"https:\\\/\\\/hotelbristol.sk\\\/en\\\/\"},{\"@type\":\"ListItem\",\"position\":2,\"name\":\"References\",\"item\":\"https:\\\/\\\/hotelbristol.sk\\\/referencie\\\/\"},{\"@type\":\"ListItem\",\"position\":3,\"name\":\"Awards, press and partners\"}]},{\"@type\":\"WebSite\",\"@id\":\"https:\\\/\\\/hotelbristol.sk\\\/#website\",\"url\":\"https:\\\/\\\/hotelbristol.sk\\\/\",\"name\":\"Boutique Hotel Bristol**** Ko\u0161ice\",\"description\":\"Luxusn\u00e9 ubytovanie v centre historick\u00fdch Ko\u0161\u00edc - hotel - wellness - spa - kongres - re\u0161taur\u00e1cia - kaviare\u0148\",\"publisher\":{\"@id\":\"https:\\\/\\\/hotelbristol.sk\\\/#organization\"},\"potentialAction\":[{\"@type\":\"SearchAction\",\"target\":{\"@type\":\"EntryPoint\",\"urlTemplate\":\"https:\\\/\\\/hotelbristol.sk\\\/?s={search_term_string}\"},\"query-input\":{\"@type\":\"PropertyValueSpecification\",\"valueRequired\":true,\"valueName\":\"search_term_string\"}}],\"inLanguage\":\"en-US\"},{\"@type\":\"Organization\",\"@id\":\"https:\\\/\\\/hotelbristol.sk\\\/#organization\",\"name\":\"Hotel Bristol**** Ko\u0161ice - Ubytovanie Ko\u0161ice\",\"url\":\"https:\\\/\\\/hotelbristol.sk\\\/\",\"logo\":{\"@type\":\"ImageObject\",\"inLanguage\":\"en-US\",\"@id\":\"https:\\\/\\\/hotelbristol.sk\\\/#\\\/schema\\\/logo\\\/image\\\/\",\"url\":\"https:\\\/\\\/hotelbristol.sk\\\/wp-content\\\/uploads\\\/2018\\\/12\\\/logo_bristol.jpg\",\"contentUrl\":\"https:\\\/\\\/hotelbristol.sk\\\/wp-content\\\/uploads\\\/2018\\\/12\\\/logo_bristol.jpg\",\"width\":1024,\"height\":768,\"caption\":\"Hotel Bristol**** Ko\u0161ice - Ubytovanie Ko\u0161ice\"},\"image\":{\"@id\":\"https:\\\/\\\/hotelbristol.sk\\\/#\\\/schema\\\/logo\\\/image\\\/\"},\"sameAs\":[\"https:\\\/\\\/www.facebook.com\\\/hotel.bristol.kosice\\\/\",\"https:\\\/\\\/x.com\\\/bristolslovakia\",\"http:\\\/\\\/hotelbristolkosice.sk\"]}]}<\/script>\n<!-- \/ Yoast SEO plugin. -->","yoast_head_json":{"title":"Awards, press and partners - Boutique Hotel Bristol**** Ko\u0161ice - Hotel, ubytovanie Ko\u0161ice","description":"Hotel Bristol**** - Luxusn\u00e9 ubytovanie v centre Ko\u0161\u00edc - hotel pon\u00faka ubytovanie vysok\u00e9ho \u0161tandardu v centre mesta Ko\u0161ice. S\u00fa\u010das\u0165ou hotela je re\u0161taur\u00e1cia, kaviare\u0148, kongresov\u00e9 centrum vhodn\u00e9 aj pre usporiadanie osl\u00e1v a wellness. Hotel Bristol**** Ko\u0161ice - hotel, ubytovanie, wellness Ko\u0161ice.","robots":{"index":"index","follow":"follow","max-snippet":"max-snippet:-1","max-image-preview":"max-image-preview:large","max-video-preview":"max-video-preview:-1"},"canonical":"https:\/\/hotelbristol.sk\/referencie\/ocenenia-tlac-a-partneri\/","og_locale":"en_US","og_type":"article","og_title":"Awards, press and partners - Boutique Hotel Bristol**** Ko\u0161ice - Hotel, ubytovanie Ko\u0161ice","og_description":"Hotel Bristol**** - Luxusn\u00e9 ubytovanie v centre Ko\u0161\u00edc - hotel pon\u00faka ubytovanie vysok\u00e9ho \u0161tandardu v centre mesta Ko\u0161ice. S\u00fa\u010das\u0165ou hotela je re\u0161taur\u00e1cia, kaviare\u0148, kongresov\u00e9 centrum vhodn\u00e9 aj pre usporiadanie osl\u00e1v a wellness. Hotel Bristol**** Ko\u0161ice - hotel, ubytovanie, wellness Ko\u0161ice.","og_url":"https:\/\/hotelbristol.sk\/referencie\/ocenenia-tlac-a-partneri\/","og_site_name":"Boutique Hotel Bristol**** Ko\u0161ice","article_publisher":"https:\/\/www.facebook.com\/hotel.bristol.kosice\/","og_image":[{"url":"http:\/\/hotelbristol.sk\/wp-content\/uploads\/2018\/07\/airport-kosice.jpg","type":"","width":"","height":""}],"twitter_card":"summary_large_image","twitter_site":"@bristolslovakia","schema":{"@context":"https:\/\/schema.org","@graph":[{"@type":"WebPage","@id":"https:\/\/hotelbristol.sk\/referencie\/ocenenia-tlac-a-partneri\/","url":"https:\/\/hotelbristol.sk\/referencie\/ocenenia-tlac-a-partneri\/","name":"Awards, press and partners - Boutique Hotel Bristol**** Ko\u0161ice - Hotel, ubytovanie Ko\u0161ice","isPartOf":{"@id":"https:\/\/hotelbristol.sk\/#website"},"primaryImageOfPage":{"@id":"https:\/\/hotelbristol.sk\/referencie\/ocenenia-tlac-a-partneri\/#primaryimage"},"image":{"@id":"https:\/\/hotelbristol.sk\/referencie\/ocenenia-tlac-a-partneri\/#primaryimage"},"thumbnailUrl":"http:\/\/hotelbristol.sk\/wp-content\/uploads\/2018\/07\/airport-kosice.jpg","datePublished":"2018-07-11T15:04:07+00:00","description":"Hotel Bristol**** - Luxusn\u00e9 ubytovanie v centre Ko\u0161\u00edc - hotel pon\u00faka ubytovanie vysok\u00e9ho \u0161tandardu v centre mesta Ko\u0161ice. S\u00fa\u010das\u0165ou hotela je re\u0161taur\u00e1cia, kaviare\u0148, kongresov\u00e9 centrum vhodn\u00e9 aj pre usporiadanie osl\u00e1v a wellness. Hotel Bristol**** Ko\u0161ice - hotel, ubytovanie, wellness Ko\u0161ice.","breadcrumb":{"@id":"https:\/\/hotelbristol.sk\/referencie\/ocenenia-tlac-a-partneri\/#breadcrumb"},"inLanguage":"en-US","potentialAction":[{"@type":"ReadAction","target":["https:\/\/hotelbristol.sk\/referencie\/ocenenia-tlac-a-partneri\/"]}]},{"@type":"ImageObject","inLanguage":"en-US","@id":"https:\/\/hotelbristol.sk\/referencie\/ocenenia-tlac-a-partneri\/#primaryimage","url":"http:\/\/hotelbristol.sk\/wp-content\/uploads\/2018\/07\/airport-kosice.jpg","contentUrl":"http:\/\/hotelbristol.sk\/wp-content\/uploads\/2018\/07\/airport-kosice.jpg"},{"@type":"BreadcrumbList","@id":"https:\/\/hotelbristol.sk\/referencie\/ocenenia-tlac-a-partneri\/#breadcrumb","itemListElement":[{"@type":"ListItem","position":1,"name":"Home","item":"https:\/\/hotelbristol.sk\/en\/"},{"@type":"ListItem","position":2,"name":"References","item":"https:\/\/hotelbristol.sk\/referencie\/"},{"@type":"ListItem","position":3,"name":"Awards, press and partners"}]},{"@type":"WebSite","@id":"https:\/\/hotelbristol.sk\/#website","url":"https:\/\/hotelbristol.sk\/","name":"Boutique Hotel Bristol**** Ko\u0161ice","description":"Luxusn\u00e9 ubytovanie v centre historick\u00fdch Ko\u0161\u00edc - hotel - wellness - spa - kongres - re\u0161taur\u00e1cia - kaviare\u0148","publisher":{"@id":"https:\/\/hotelbristol.sk\/#organization"},"potentialAction":[{"@type":"SearchAction","target":{"@type":"EntryPoint","urlTemplate":"https:\/\/hotelbristol.sk\/?s={search_term_string}"},"query-input":{"@type":"PropertyValueSpecification","valueRequired":true,"valueName":"search_term_string"}}],"inLanguage":"en-US"},{"@type":"Organization","@id":"https:\/\/hotelbristol.sk\/#organization","name":"Hotel Bristol**** Ko\u0161ice - Ubytovanie Ko\u0161ice","url":"https:\/\/hotelbristol.sk\/","logo":{"@type":"ImageObject","inLanguage":"en-US","@id":"https:\/\/hotelbristol.sk\/#\/schema\/logo\/image\/","url":"https:\/\/hotelbristol.sk\/wp-content\/uploads\/2018\/12\/logo_bristol.jpg","contentUrl":"https:\/\/hotelbristol.sk\/wp-content\/uploads\/2018\/12\/logo_bristol.jpg","width":1024,"height":768,"caption":"Hotel Bristol**** Ko\u0161ice - Ubytovanie Ko\u0161ice"},"image":{"@id":"https:\/\/hotelbristol.sk\/#\/schema\/logo\/image\/"},"sameAs":["https:\/\/www.facebook.com\/hotel.bristol.kosice\/","https:\/\/x.com\/bristolslovakia","http:\/\/hotelbristolkosice.sk"]}]}},"_links":{"self":[{"href":"https:\/\/hotelbristol.sk\/en\/wp-json\/wp\/v2\/pages\/140","targetHints":{"allow":["GET"]}}],"collection":[{"href":"https:\/\/hotelbristol.sk\/en\/wp-json\/wp\/v2\/pages"}],"about":[{"href":"https:\/\/hotelbristol.sk\/en\/wp-json\/wp\/v2\/types\/page"}],"author":[{"embeddable":true,"href":"https:\/\/hotelbristol.sk\/en\/wp-json\/wp\/v2\/users\/1"}],"replies":[{"embeddable":true,"href":"https:\/\/hotelbristol.sk\/en\/wp-json\/wp\/v2\/comments?post=140"}],"version-history":[{"count":0,"href":"https:\/\/hotelbristol.sk\/en\/wp-json\/wp\/v2\/pages\/140\/revisions"}],"up":[{"embeddable":true,"href":"https:\/\/hotelbristol.sk\/en\/wp-json\/wp\/v2\/pages\/411"}],"wp:attachment":[{"href":"https:\/\/hotelbristol.sk\/en\/wp-json\/wp\/v2\/media?parent=140"}],"curies":[{"name":"wp","href":"https:\/\/api.w.org\/{rel}","templated":true}]}}